{"id":6821,"date":"2025-03-26T10:01:09","date_gmt":"2025-03-26T09:01:09","guid":{"rendered":"https:\/\/gudenaacamping.dk\/?page_id=6821"},"modified":"2025-09-26T12:07:06","modified_gmt":"2025-09-26T10:07:06","slug":"camping","status":"publish","type":"page","link":"https:\/\/gudenaacamping.dk\/en\/overnatning\/camping\/","title":{"rendered":"Camping &amp; caravanning"},"content":{"rendered":"<div data-elementor-type=\"wp-page\" data-elementor-id=\"6821\" class=\"elementor elementor-6821\" data-elementor-post-type=\"page\">\n\t\t\t\t<div class=\"elementor-element elementor-element-5cb0d43 e-flex e-con-boxed e-con e-parent\" data-id=\"5cb0d43\" data-element_type=\"container\" data-e-type=\"container\" data-settings=\"{&quot;background_background&quot;:&quot;classic&quot;,&quot;jet_parallax_layout_list&quot;:[]}\">\n\t\t\t\t\t<div class=\"e-con-inner\">\n\t\t<div class=\"elementor-element elementor-element-83e2911 e-con-full e-flex e-con e-child\" data-id=\"83e2911\" data-element_type=\"container\" data-e-type=\"container\" data-settings=\"{&quot;jet_parallax_layout_list&quot;:[]}\">\n\t\t\t\t<div class=\"elementor-element elementor-element-e6218d5 elementor-widget elementor-widget-template\" data-id=\"e6218d5\" data-element_type=\"widget\" data-e-type=\"widget\" data-widget_type=\"template.default\">\n\t\t\t\t<div class=\"elementor-widget-container\">\n\t\t\t\t\t\t\t<div class=\"elementor-template\">\n\t\t\t\t\t<div data-elementor-type=\"container\" data-elementor-id=\"6792\" class=\"elementor elementor-6792\" data-elementor-post-type=\"elementor_library\">\n\t\t\t\t<div class=\"elementor-element elementor-element-20c84c4a e-con-full e-flex e-con e-child\" data-id=\"20c84c4a\" data-element_type=\"container\" data-e-type=\"container\" data-settings=\"{&quot;jet_parallax_layout_list&quot;:[]}\">\n\t\t\t\t<div class=\"elementor-element elementor-element-63533cdc elementor-align-center elementor-widget elementor-widget-button\" data-id=\"63533cdc\" data-element_type=\"widget\" data-e-type=\"widget\" data-widget_type=\"button.default\">\n\t\t\t\t<div class=\"elementor-widget-container\">\n\t\t\t\t\t\t\t\t\t<div class=\"elementor-button-wrapper\">\n\t\t\t\t\t<a class=\"elementor-button elementor-button-link elementor-size-sm\" href=\"https:\/\/v3.onlinebooking.dk\/v3gudenaa\" target=\"_blank\">\n\t\t\t\t\t\t<span class=\"elementor-button-content-wrapper\">\n\t\t\t\t\t\t\t\t\t<span class=\"elementor-button-text\">Book your holiday<\/span>\n\t\t\t\t\t<\/span>\n\t\t\t\t\t<\/a>\n\t\t\t\t<\/div>\n\t\t\t\t\t\t\t\t<\/div>\n\t\t\t\t<\/div>\n\t\t\t\t<\/div>\n\t\t\t\t<\/div>\n\t\t\t\t<\/div>\n\t\t\t\t\t\t<\/div>\n\t\t\t\t<\/div>\n\t\t\t\t<\/div>\n\t\t\t\t\t<\/div>\n\t\t\t\t<\/div>\n\t\t<div class=\"elementor-element elementor-element-f705895 e-flex e-con-boxed e-con e-parent\" data-id=\"f705895\" data-element_type=\"container\" data-e-type=\"container\" data-settings=\"{&quot;jet_parallax_layout_list&quot;:[],&quot;background_background&quot;:&quot;classic&quot;}\">\n\t\t\t\t\t<div class=\"e-con-inner\">\n\t\t\t\t<div class=\"elementor-element elementor-element-5e19b2a elementor-widget elementor-widget-heading\" data-id=\"5e19b2a\" data-element_type=\"widget\" data-e-type=\"widget\" data-widget_type=\"heading.default\">\n\t\t\t\t<div class=\"elementor-widget-container\">\n\t\t\t\t\t<p class=\"elementor-heading-title elementor-size-default\">Accommodation<\/p>\t\t\t\t<\/div>\n\t\t\t\t<\/div>\n\t\t\t\t<div class=\"elementor-element elementor-element-37f1dd3 elementor-widget elementor-widget-heading\" data-id=\"37f1dd3\" data-element_type=\"widget\" data-e-type=\"widget\" data-widget_type=\"heading.default\">\n\t\t\t\t<div class=\"elementor-widget-container\">\n\t\t\t\t\t<h2 class=\"elementor-heading-title elementor-size-default\">Stay in your own caravan at the bank of Guden\u00e5en<\/h2>\t\t\t\t<\/div>\n\t\t\t\t<\/div>\n\t\t\t\t<div class=\"elementor-element elementor-element-23d9031 elementor-widget elementor-widget-text-editor\" data-id=\"23d9031\" data-element_type=\"widget\" data-e-type=\"widget\" data-widget_type=\"text-editor.default\">\n\t\t\t\t<div class=\"elementor-widget-container\">\n\t\t\t\t\t\t\t\t\t<p>Set up your own caravan, campervan, tent trailer or large tent on the spacious pitches surrounded by nature and Guden\u00e5en. <br \/>There is plenty of space for the whole family, all facilities and a cosy atmosphere.<\/p>\t\t\t\t\t\t\t\t<\/div>\n\t\t\t\t<\/div>\n\t\t\t\t\t<\/div>\n\t\t\t\t<\/div>\n\t\t<div class=\"elementor-element elementor-element-94250c4 e-con-full e-flex e-con e-parent\" data-id=\"94250c4\" data-element_type=\"container\" data-e-type=\"container\" data-settings=\"{&quot;jet_parallax_layout_list&quot;:[]}\">\n\t\t<div class=\"elementor-element elementor-element-b70408c e-con-full e-flex e-con e-child\" data-id=\"b70408c\" data-element_type=\"container\" data-e-type=\"container\" data-settings=\"{&quot;background_background&quot;:&quot;classic&quot;,&quot;jet_parallax_layout_list&quot;:[]}\">\n\t\t\t\t<\/div>\n\t\t<div class=\"elementor-element elementor-element-1e53e87 e-con-full e-flex e-con e-child\" data-id=\"1e53e87\" data-element_type=\"container\" data-e-type=\"container\" data-settings=\"{&quot;jet_parallax_layout_list&quot;:[],&quot;background_background&quot;:&quot;classic&quot;}\">\n\t\t<div class=\"elementor-element elementor-element-46213dd e-flex e-con-boxed e-con e-child\" data-id=\"46213dd\" data-element_type=\"container\" data-e-type=\"container\" data-settings=\"{&quot;jet_parallax_layout_list&quot;:[]}\">\n\t\t\t\t\t<div class=\"e-con-inner\">\n\t\t\t\t<div class=\"elementor-element elementor-element-3e7f34b elementor-view-stacked elementor-shape-circle elementor-widget elementor-widget-icon\" data-id=\"3e7f34b\" data-element_type=\"widget\" data-e-type=\"widget\" data-widget_type=\"icon.default\">\n\t\t\t\t<div class=\"elementor-widget-container\">\n\t\t\t\t\t\t\t<div class=\"elementor-icon-wrapper\">\n\t\t\t<div class=\"elementor-icon\">\n\t\t\t<i aria-hidden=\"true\" class=\"fas fa-campground\"><\/i>\t\t\t<\/div>\n\t\t<\/div>\n\t\t\t\t\t\t<\/div>\n\t\t\t\t<\/div>\n\t\t\t\t<div class=\"elementor-element elementor-element-4215c93 elementor-widget elementor-widget-heading\" data-id=\"4215c93\" data-element_type=\"widget\" data-e-type=\"widget\" data-widget_type=\"heading.default\">\n\t\t\t\t<div class=\"elementor-widget-container\">\n\t\t\t\t\t<h2 class=\"elementor-heading-title elementor-size-default\">Room for the whole family<\/h2>\t\t\t\t<\/div>\n\t\t\t\t<\/div>\n\t\t\t\t<div class=\"elementor-element elementor-element-10aa9b4 elementor-widget elementor-widget-text-editor\" data-id=\"10aa9b4\" data-element_type=\"widget\" data-e-type=\"widget\" data-widget_type=\"text-editor.default\">\n\t\t\t\t<div class=\"elementor-widget-container\">\n\t\t\t\t\t\t\t\t\t<section class=\"av_textblock_section\"><div class=\"avia_textblock\"><p>At our manageable campsite with 71 pitches, there are two service buildings with toilet, shower and kitchen, so you are always close to the facilities. In one of the service buildings you will also find a common room with dining area and a large TV screen.<\/p><p>Pitches 49-53 have a view of Guden\u00e5en.<\/p><p>All pitches have power connection (10A, charged according to consumption).<\/p><p><strong>The area and facilities:<\/strong><\/p><ul><li>Playground<\/li><li>Access to laundry facilities<\/li><li>Terrace in connection with the caf\u00e9, where a mini golf course was established in spring 2025.<\/li><li>Kiosk open daily<\/li><li>Breakfast bread can be ordered throughout the high season. In low season only on weekends and public holidays.<\/li><li>WI-FI is included throughout the site.<\/li><li>First aid kit and defibrillator in reception<\/li><\/ul><\/div><\/section>\t\t\t\t\t\t\t\t<\/div>\n\t\t\t\t<\/div>\n\t\t\t\t<div class=\"elementor-element elementor-element-beab580 elementor-widget elementor-widget-spacer\" data-id=\"beab580\" data-element_type=\"widget\" data-e-type=\"widget\" data-widget_type=\"spacer.default\">\n\t\t\t\t<div class=\"elementor-widget-container\">\n\t\t\t\t\t\t\t<div class=\"elementor-spacer\">\n\t\t\t<div class=\"elementor-spacer-inner\"><\/div>\n\t\t<\/div>\n\t\t\t\t\t\t<\/div>\n\t\t\t\t<\/div>\n\t\t\t\t\t<\/div>\n\t\t\t\t<\/div>\n\t\t<div class=\"elementor-element elementor-element-3e9737d e-grid e-con-full e-con e-child\" data-id=\"3e9737d\" data-element_type=\"container\" data-e-type=\"container\" data-settings=\"{&quot;jet_parallax_layout_list&quot;:[]}\">\n\t\t\t\t<div class=\"elementor-element elementor-element-10a1ac6 elementor-align-left elementor-widget elementor-widget-button\" data-id=\"10a1ac6\" data-element_type=\"widget\" data-e-type=\"widget\" data-widget_type=\"button.default\">\n\t\t\t\t<div class=\"elementor-widget-container\">\n\t\t\t\t\t\t\t\t\t<div class=\"elementor-button-wrapper\">\n\t\t\t\t\t<a class=\"elementor-button elementor-button-link elementor-size-sm\" href=\"https:\/\/gudenaacamping.dk\/en\/prices\/\">\n\t\t\t\t\t\t<span class=\"elementor-button-content-wrapper\">\n\t\t\t\t\t\t\t\t\t<span class=\"elementor-button-text\">Prices<\/span>\n\t\t\t\t\t<\/span>\n\t\t\t\t\t<\/a>\n\t\t\t\t<\/div>\n\t\t\t\t\t\t\t\t<\/div>\n\t\t\t\t<\/div>\n\t\t\t\t<div class=\"elementor-element elementor-element-2cc42b2 elementor-align-left elementor-widget elementor-widget-button\" data-id=\"2cc42b2\" data-element_type=\"widget\" data-e-type=\"widget\" data-widget_type=\"button.default\">\n\t\t\t\t<div class=\"elementor-widget-container\">\n\t\t\t\t\t\t\t\t\t<div class=\"elementor-button-wrapper\">\n\t\t\t\t\t<a class=\"elementor-button elementor-button-link elementor-size-sm\" href=\"https:\/\/gudenaacamping.dk\/en\/information\/\">\n\t\t\t\t\t\t<span class=\"elementor-button-content-wrapper\">\n\t\t\t\t\t\t\t\t\t<span class=\"elementor-button-text\">INfo<\/span>\n\t\t\t\t\t<\/span>\n\t\t\t\t\t<\/a>\n\t\t\t\t<\/div>\n\t\t\t\t\t\t\t\t<\/div>\n\t\t\t\t<\/div>\n\t\t\t\t<div class=\"elementor-element elementor-element-a0dd701 elementor-widget elementor-widget-button\" data-id=\"a0dd701\" data-element_type=\"widget\" data-e-type=\"widget\" data-widget_type=\"button.default\">\n\t\t\t\t<div class=\"elementor-widget-container\">\n\t\t\t\t\t\t\t\t\t<div class=\"elementor-button-wrapper\">\n\t\t\t\t\t<a class=\"elementor-button elementor-button-link elementor-size-sm\" href=\"https:\/\/gudenaacamping.dk\/en\/information\/seat-overview\/\">\n\t\t\t\t\t\t<span class=\"elementor-button-content-wrapper\">\n\t\t\t\t\t\t\t\t\t<span class=\"elementor-button-text\">Site map<\/span>\n\t\t\t\t\t<\/span>\n\t\t\t\t\t<\/a>\n\t\t\t\t<\/div>\n\t\t\t\t\t\t\t\t<\/div>\n\t\t\t\t<\/div>\n\t\t\t\t<\/div>\n\t\t\t\t<\/div>\n\t\t\t\t<\/div>\n\t\t<div class=\"elementor-element elementor-element-701e8fa e-con-full e-flex e-con e-parent\" data-id=\"701e8fa\" data-element_type=\"container\" data-e-type=\"container\" data-settings=\"{&quot;jet_parallax_layout_list&quot;:[]}\">\n\t\t<div class=\"elementor-element elementor-element-8139d0e e-con-full e-flex e-con e-child\" data-id=\"8139d0e\" data-element_type=\"container\" data-e-type=\"container\" data-settings=\"{&quot;jet_parallax_layout_list&quot;:[],&quot;background_background&quot;:&quot;classic&quot;}\">\n\t\t<div class=\"elementor-element elementor-element-a3acf36 e-flex e-con-boxed e-con e-child\" data-id=\"a3acf36\" data-element_type=\"container\" data-e-type=\"container\" data-settings=\"{&quot;jet_parallax_layout_list&quot;:[]}\">\n\t\t\t\t\t<div class=\"e-con-inner\">\n\t\t\t\t<div class=\"elementor-element elementor-element-35eed0f elementor-widget elementor-widget-heading\" data-id=\"35eed0f\" data-element_type=\"widget\" data-e-type=\"widget\" data-widget_type=\"heading.default\">\n\t\t\t\t<div class=\"elementor-widget-container\">\n\t\t\t\t\t<h2 class=\"elementor-heading-title elementor-size-default\">All you need for camping<\/h2>\t\t\t\t<\/div>\n\t\t\t\t<\/div>\n\t\t\t\t<div class=\"elementor-element elementor-element-6a54588 elementor-widget elementor-widget-text-editor\" data-id=\"6a54588\" data-element_type=\"widget\" data-e-type=\"widget\" data-widget_type=\"text-editor.default\">\n\t\t\t\t<div class=\"elementor-widget-container\">\n\t\t\t\t\t\t\t\t\t<p>At Guden\u00e5 Camping, we do our utmost to ensure that your stay is a wonderful and memorable experience. Our campsite is surrounded by the beautiful nature along the Guden\u00e5 River, where the tranquil atmosphere creates the perfect setting for both relaxation and activities.<\/p><p>In the spring 2025 we opened a mini golf course as part of our cosy terrace and caf\u00e9 area. Here you can enjoy a cup of coffee, ice cream or a light snack while relaxing and socialising with friends and family.<\/p><p>The campsite's location right by the river Guden\u00e5 makes it ideal for exploring the area from the water. We can help organise canoe trips where you can experience the tranquillity of the river and the surrounding nature up close - a great activity for both adults and children. Whether you are into activities or just want to enjoy the peaceful surroundings, we are ready to make your stay special.<\/p><p>We look forward to welcoming you to Guden\u00e5 Camping<\/p>\t\t\t\t\t\t\t\t<\/div>\n\t\t\t\t<\/div>\n\t\t\t\t<div class=\"elementor-element elementor-element-a7d897d elementor-widget elementor-widget-template\" data-id=\"a7d897d\" data-element_type=\"widget\" data-e-type=\"widget\" data-widget_type=\"template.default\">\n\t\t\t\t<div class=\"elementor-widget-container\">\n\t\t\t\t\t\t\t<div class=\"elementor-template\">\n\t\t\t\t\t<div data-elementor-type=\"container\" data-elementor-id=\"6824\" class=\"elementor elementor-6824\" data-elementor-post-type=\"elementor_library\">\n\t\t\t\t<div class=\"elementor-element elementor-element-4c23a607 e-con-full e-flex e-con e-child\" data-id=\"4c23a607\" data-element_type=\"container\" data-e-type=\"container\" data-settings=\"{&quot;jet_parallax_layout_list&quot;:[]}\">\n\t\t\t\t<div class=\"elementor-element elementor-element-362593ce elementor-align-center elementor-widget elementor-widget-button\" data-id=\"362593ce\" data-element_type=\"widget\" data-e-type=\"widget\" data-widget_type=\"button.default\">\n\t\t\t\t<div class=\"elementor-widget-container\">\n\t\t\t\t\t\t\t\t\t<div class=\"elementor-button-wrapper\">\n\t\t\t\t\t<a class=\"elementor-button elementor-button-link elementor-size-sm\" href=\"https:\/\/v3.onlinebooking.dk\/v3gudenaa\" target=\"_blank\">\n\t\t\t\t\t\t<span class=\"elementor-button-content-wrapper\">\n\t\t\t\t\t\t\t\t\t<span class=\"elementor-button-text\">Booking<\/span>\n\t\t\t\t\t<\/span>\n\t\t\t\t\t<\/a>\n\t\t\t\t<\/div>\n\t\t\t\t\t\t\t\t<\/div>\n\t\t\t\t<\/div>\n\t\t\t\t<\/div>\n\t\t\t\t<\/div>\n\t\t\t\t<\/div>\n\t\t\t\t\t\t<\/div>\n\t\t\t\t<\/div>\n\t\t\t\t\t<\/div>\n\t\t\t\t<\/div>\n\t\t\t\t<\/div>\n\t\t<div class=\"elementor-element elementor-element-bba7bc4 e-con-full e-flex e-con e-child\" data-id=\"bba7bc4\" data-element_type=\"container\" data-e-type=\"container\" data-settings=\"{&quot;background_background&quot;:&quot;classic&quot;,&quot;jet_parallax_layout_list&quot;:[]}\">\n\t\t\t\t<\/div>\n\t\t\t\t<\/div>\n\t\t<div class=\"elementor-element elementor-element-1201fa9 e-con-full e-flex e-con e-parent\" data-id=\"1201fa9\" data-element_type=\"container\" data-e-type=\"container\" data-settings=\"{&quot;jet_parallax_layout_list&quot;:[]}\">\n\t\t\t\t<div class=\"elementor-element elementor-element-03b4298 elementor-widget elementor-widget-image-carousel\" data-id=\"03b4298\" data-element_type=\"widget\" data-e-type=\"widget\" data-settings=\"{&quot;slides_to_show&quot;:&quot;4&quot;,&quot;slides_to_show_tablet&quot;:&quot;3&quot;,&quot;slides_to_show_mobile&quot;:&quot;2&quot;,&quot;navigation&quot;:&quot;none&quot;,&quot;pause_on_hover&quot;:&quot;no&quot;,&quot;pause_on_interaction&quot;:&quot;no&quot;,&quot;autoplay_speed&quot;:3000,&quot;slides_to_show_widescreen&quot;:&quot;6&quot;,&quot;autoplay&quot;:&quot;yes&quot;,&quot;infinite&quot;:&quot;yes&quot;,&quot;speed&quot;:500}\" data-widget_type=\"image-carousel.default\">\n\t\t\t\t<div class=\"elementor-widget-container\">\n\t\t\t\t\t\t\t<div class=\"elementor-image-carousel-wrapper swiper\" role=\"region\" aria-roledescription=\"carousel\" aria-label=\"Image Carousel\" dir=\"ltr\">\n\t\t\t<div class=\"elementor-image-carousel swiper-wrapper\" aria-live=\"off\">\n\t\t\t\t\t\t\t\t<div class=\"swiper-slide\" role=\"group\" aria-roledescription=\"slide\" aria-label=\"1 of 10\"><a data-elementor-open-lightbox=\"yes\" data-elementor-lightbox-slideshow=\"03b4298\" data-elementor-lightbox-title=\"Campingplads ved Guden\u00e5en\" data-e-action-hash=\"#elementor-action%3Aaction%3Dlightbox%26settings%3DeyJpZCI6NzgxOCwidXJsIjoiaHR0cHM6XC9cL2d1ZGVuYWFjYW1waW5nLmRrXC93cC1jb250ZW50XC91cGxvYWRzXC8yMDI1XC8wOFwvQmlsbGVkZS0wOC4wOC4yMDI1LTE1LjAwLjA5LXNjYWxlZC5qcGciLCJzbGlkZXNob3ciOiIwM2I0Mjk4In0%3D\" href=\"https:\/\/gudenaacamping.dk\/wp-content\/uploads\/2025\/08\/Billede-08.08.2025-15.00.09-scaled.jpg\"><figure class=\"swiper-slide-inner\"><img decoding=\"async\" class=\"swiper-slide-image\" src=\"https:\/\/gudenaacamping.dk\/wp-content\/uploads\/2025\/08\/Billede-08.08.2025-15.00.09-scaled.jpg\" alt=\"Campsite by Guden\u00e5en\" \/><\/figure><\/a><\/div><div class=\"swiper-slide\" role=\"group\" aria-roledescription=\"slide\" aria-label=\"2 of 10\"><a data-elementor-open-lightbox=\"yes\" data-elementor-lightbox-slideshow=\"03b4298\" data-e-action-hash=\"#elementor-action%3Aaction%3Dlightbox%26settings%3DeyJpZCI6ODQ4MywidXJsIjoiaHR0cHM6XC9cL2d1ZGVuYWFjYW1waW5nLmRrXC93cC1jb250ZW50XC91cGxvYWRzXC8yMDI1XC8wOVwvSU1HXzY2MTYtc2NhbGVkLmpwZyIsInNsaWRlc2hvdyI6IjAzYjQyOTgifQ%3D%3D\" href=\"https:\/\/gudenaacamping.dk\/wp-content\/uploads\/2025\/09\/IMG_6616-scaled.jpg\"><figure class=\"swiper-slide-inner\"><img decoding=\"async\" class=\"swiper-slide-image\" src=\"https:\/\/gudenaacamping.dk\/wp-content\/uploads\/2025\/09\/IMG_6616-scaled.jpg\" alt=\"\" \/><\/figure><\/a><\/div><div class=\"swiper-slide\" role=\"group\" aria-roledescription=\"slide\" aria-label=\"3 of 10\"><a data-elementor-open-lightbox=\"yes\" data-elementor-lightbox-slideshow=\"03b4298\" data-e-action-hash=\"#elementor-action%3Aaction%3Dlightbox%26settings%3DeyJpZCI6ODQ3OCwidXJsIjoiaHR0cHM6XC9cL2d1ZGVuYWFjYW1waW5nLmRrXC93cC1jb250ZW50XC91cGxvYWRzXC8yMDI1XC8wOVwvMmxFOFhZczcuanBlZyIsInNsaWRlc2hvdyI6IjAzYjQyOTgifQ%3D%3D\" href=\"https:\/\/gudenaacamping.dk\/wp-content\/uploads\/2025\/09\/2lE8XYs7.jpeg\"><figure class=\"swiper-slide-inner\"><img decoding=\"async\" class=\"swiper-slide-image\" src=\"https:\/\/gudenaacamping.dk\/wp-content\/uploads\/2025\/09\/2lE8XYs7.jpeg\" alt=\"\" \/><\/figure><\/a><\/div><div class=\"swiper-slide\" role=\"group\" aria-roledescription=\"slide\" aria-label=\"4 of 10\"><a data-elementor-open-lightbox=\"yes\" data-elementor-lightbox-slideshow=\"03b4298\" data-elementor-lightbox-title=\"BSA tr\u00e6f\" data-e-action-hash=\"#elementor-action%3Aaction%3Dlightbox%26settings%3DeyJpZCI6NjcxNiwidXJsIjoiaHR0cHM6XC9cL2d1ZGVuYWFjYW1waW5nLmRrXC93cC1jb250ZW50XC91cGxvYWRzXC8yMDI1XC8wM1wvNDg1MTMwNTcyXzEyMTUyOTAyOTAzODY4ODNfNzIyMjA4NzY2OTkxNTU1NjMwMV9uLmpwZyIsInNsaWRlc2hvdyI6IjAzYjQyOTgifQ%3D%3D\" href=\"https:\/\/gudenaacamping.dk\/wp-content\/uploads\/2025\/03\/485130572_1215290290386883_7222087669915556301_n.jpg\"><figure class=\"swiper-slide-inner\"><img decoding=\"async\" class=\"swiper-slide-image\" src=\"https:\/\/gudenaacamping.dk\/wp-content\/uploads\/2025\/03\/485130572_1215290290386883_7222087669915556301_n.jpg\" alt=\"BSA meeting\" \/><\/figure><\/a><\/div><div class=\"swiper-slide\" role=\"group\" aria-roledescription=\"slide\" aria-label=\"5 of 10\"><a data-elementor-open-lightbox=\"yes\" data-elementor-lightbox-slideshow=\"03b4298\" data-elementor-lightbox-title=\"486530085_1216731536909425_3940547629432792372_n\" data-e-action-hash=\"#elementor-action%3Aaction%3Dlightbox%26settings%3DeyJpZCI6NjczNCwidXJsIjoiaHR0cHM6XC9cL2d1ZGVuYWFjYW1waW5nLmRrXC93cC1jb250ZW50XC91cGxvYWRzXC8yMDI1XC8wM1wvNDg2NTMwMDg1XzEyMTY3MzE1MzY5MDk0MjVfMzk0MDU0NzYyOTQzMjc5MjM3Ml9uLmpwZyIsInNsaWRlc2hvdyI6IjAzYjQyOTgifQ%3D%3D\" href=\"https:\/\/gudenaacamping.dk\/wp-content\/uploads\/2025\/03\/486530085_1216731536909425_3940547629432792372_n.jpg\"><figure class=\"swiper-slide-inner\"><img decoding=\"async\" class=\"swiper-slide-image\" src=\"https:\/\/gudenaacamping.dk\/wp-content\/uploads\/2025\/03\/486530085_1216731536909425_3940547629432792372_n.jpg\" alt=\"486530085_1216731536909425_3940547629432792372_n\" \/><\/figure><\/a><\/div><div class=\"swiper-slide\" role=\"group\" aria-roledescription=\"slide\" aria-label=\"6 of 10\"><a data-elementor-open-lightbox=\"yes\" data-elementor-lightbox-slideshow=\"03b4298\" data-e-action-hash=\"#elementor-action%3Aaction%3Dlightbox%26settings%3DeyJpZCI6NjcyNiwidXJsIjoiaHR0cHM6XC9cL2d1ZGVuYWFjYW1waW5nLmRrXC93cC1jb250ZW50XC91cGxvYWRzXC8yMDI1XC8wM1wvNDg2MTAyNzYwXzEyMTY3MzE1NTM1NzYwOTBfMzY1Mjk2MzY4MjUzNDQ2OTM1OF9uLmpwZyIsInNsaWRlc2hvdyI6IjAzYjQyOTgifQ%3D%3D\" href=\"https:\/\/gudenaacamping.dk\/wp-content\/uploads\/2025\/03\/486102760_1216731553576090_3652963682534469358_n.jpg\"><figure class=\"swiper-slide-inner\"><img decoding=\"async\" class=\"swiper-slide-image\" src=\"https:\/\/gudenaacamping.dk\/wp-content\/uploads\/2025\/03\/486102760_1216731553576090_3652963682534469358_n.jpg\" alt=\"\" \/><\/figure><\/a><\/div><div class=\"swiper-slide\" role=\"group\" aria-roledescription=\"slide\" aria-label=\"7 of 10\"><a data-elementor-open-lightbox=\"yes\" data-elementor-lightbox-slideshow=\"03b4298\" data-elementor-lightbox-title=\"gudenaaen-klosterm\u00f8lle-kano-david-jervidal-2020-7\" data-e-action-hash=\"#elementor-action%3Aaction%3Dlightbox%26settings%3DeyJpZCI6ODI2MiwidXJsIjoiaHR0cHM6XC9cL2d1ZGVuYWFjYW1waW5nLmRrXC93cC1jb250ZW50XC91cGxvYWRzXC8yMDI1XC8wOVwvZ3VkZW5hYWVuLWtsb3N0ZXJtb2VsbGUta2Fuby1kYXZpZC1qZXJ2aWRhbC0yMDIwLTctc2NhbGVkLmpwZyIsInNsaWRlc2hvdyI6IjAzYjQyOTgifQ%3D%3D\" href=\"https:\/\/gudenaacamping.dk\/wp-content\/uploads\/2025\/09\/gudenaaen-klostermoelle-kano-david-jervidal-2020-7-scaled.jpg\"><figure class=\"swiper-slide-inner\"><img decoding=\"async\" class=\"swiper-slide-image\" src=\"https:\/\/gudenaacamping.dk\/wp-content\/uploads\/2025\/09\/gudenaaen-klostermoelle-kano-david-jervidal-2020-7-scaled.jpg\" alt=\"gudenaaen-klosterm\u00f8lle-kano-david-jervidal-2020-7\" \/><\/figure><\/a><\/div><div class=\"swiper-slide\" role=\"group\" aria-roledescription=\"slide\" aria-label=\"8 of 10\"><a data-elementor-open-lightbox=\"yes\" data-elementor-lightbox-slideshow=\"03b4298\" data-elementor-lightbox-title=\"Cafe og isbar\" data-e-action-hash=\"#elementor-action%3Aaction%3Dlightbox%26settings%3DeyJpZCI6NzgxMCwidXJsIjoiaHR0cHM6XC9cL2d1ZGVuYWFjYW1waW5nLmRrXC93cC1jb250ZW50XC91cGxvYWRzXC8yMDI1XC8wOFwvQ2FmZS1vZy1pc2Jhci5qcGciLCJzbGlkZXNob3ciOiIwM2I0Mjk4In0%3D\" href=\"https:\/\/gudenaacamping.dk\/wp-content\/uploads\/2025\/08\/Cafe-og-isbar.jpg\"><figure class=\"swiper-slide-inner\"><img decoding=\"async\" class=\"swiper-slide-image\" src=\"https:\/\/gudenaacamping.dk\/wp-content\/uploads\/2025\/08\/Cafe-og-isbar.jpg\" alt=\"Cafe and ice cream parlour\" \/><\/figure><\/a><\/div><div class=\"swiper-slide\" role=\"group\" aria-roledescription=\"slide\" aria-label=\"9 of 10\"><a data-elementor-open-lightbox=\"yes\" data-elementor-lightbox-slideshow=\"03b4298\" data-elementor-lightbox-title=\"Teltplads ved Guden\u00e5en\" data-e-action-hash=\"#elementor-action%3Aaction%3Dlightbox%26settings%3DeyJpZCI6NzUxMSwidXJsIjoiaHR0cHM6XC9cL2d1ZGVuYWFjYW1waW5nLmRrXC93cC1jb250ZW50XC91cGxvYWRzXC8yMDI1XC8wNVwvTnktc2xpZGVyLTQucG5nIiwic2xpZGVzaG93IjoiMDNiNDI5OCJ9\" href=\"https:\/\/gudenaacamping.dk\/wp-content\/uploads\/2025\/05\/Ny-slider-4.png\"><figure class=\"swiper-slide-inner\"><img decoding=\"async\" class=\"swiper-slide-image\" src=\"https:\/\/gudenaacamping.dk\/wp-content\/uploads\/2025\/05\/Ny-slider-4.png\" alt=\"Tent site by Guden\u00e5en\" \/><\/figure><\/a><\/div><div class=\"swiper-slide\" role=\"group\" aria-roledescription=\"slide\" aria-label=\"10 of 10\"><a data-elementor-open-lightbox=\"yes\" data-elementor-lightbox-slideshow=\"03b4298\" data-elementor-lightbox-title=\"Kanotur p\u00e5 guden\u00e5en\" data-e-action-hash=\"#elementor-action%3Aaction%3Dlightbox%26settings%3DeyJpZCI6ODI2MywidXJsIjoiaHR0cHM6XC9cL2d1ZGVuYWFjYW1waW5nLmRrXC93cC1jb250ZW50XC91cGxvYWRzXC8yMDI1XC8wOVwvSU1HXzA3NjAtc2NhbGVkLmpwZyIsInNsaWRlc2hvdyI6IjAzYjQyOTgifQ%3D%3D\" href=\"https:\/\/gudenaacamping.dk\/wp-content\/uploads\/2025\/09\/IMG_0760-scaled.jpg\"><figure class=\"swiper-slide-inner\"><img decoding=\"async\" class=\"swiper-slide-image\" src=\"https:\/\/gudenaacamping.dk\/wp-content\/uploads\/2025\/09\/IMG_0760-scaled.jpg\" alt=\"Canoe trip on the river Guden\u00e5en\" \/><\/figure><\/a><\/div>\t\t\t<\/div>\n\t\t\t\t\t\t\t\n\t\t\t\t\t\t\t\t\t<\/div>\n\t\t\t\t\t\t<\/div>\n\t\t\t\t<\/div>\n\t\t\t\t<\/div>\n\t\t\t\t<\/div>","protected":false},"excerpt":{"rendered":"<p>Overnatning Overnatning i egen campingvogn ved Guden\u00e5en Ops\u00e6t din egen campingvogn, camper, teltvogn eller et stort telt p\u00e5 de rummelige pladser omgivet af naturen og Guden\u00e5en. Her er god plads til hele familien, alle faciliteter og hyggelig stemning. Plads til hele familien P\u00e5 vores overskuelige campingplads med 71 pladser er der to servicebygninger med toilet\/bad [&hellip;]<\/p>\n","protected":false},"author":5,"featured_media":0,"parent":4762,"menu_order":0,"comment_status":"closed","ping_status":"closed","template":"","meta":{"_seopress_robots_primary_cat":"","_seopress_titles_title":"","_seopress_titles_desc":"","_seopress_robots_index":"","inline_featured_image":false,"footnotes":""},"class_list":["post-6821","page","type-page","status-publish","hentry"],"_links":{"self":[{"href":"https:\/\/gudenaacamping.dk\/en\/wp-json\/wp\/v2\/pages\/6821","targetHints":{"allow":["GET"]}}],"collection":[{"href":"https:\/\/gudenaacamping.dk\/en\/wp-json\/wp\/v2\/pages"}],"about":[{"href":"https:\/\/gudenaacamping.dk\/en\/wp-json\/wp\/v2\/types\/page"}],"author":[{"embeddable":true,"href":"https:\/\/gudenaacamping.dk\/en\/wp-json\/wp\/v2\/users\/5"}],"replies":[{"embeddable":true,"href":"https:\/\/gudenaacamping.dk\/en\/wp-json\/wp\/v2\/comments?post=6821"}],"version-history":[{"count":59,"href":"https:\/\/gudenaacamping.dk\/en\/wp-json\/wp\/v2\/pages\/6821\/revisions"}],"predecessor-version":[{"id":8982,"href":"https:\/\/gudenaacamping.dk\/en\/wp-json\/wp\/v2\/pages\/6821\/revisions\/8982"}],"up":[{"embeddable":true,"href":"https:\/\/gudenaacamping.dk\/en\/wp-json\/wp\/v2\/pages\/4762"}],"wp:attachment":[{"href":"https:\/\/gudenaacamping.dk\/en\/wp-json\/wp\/v2\/media?parent=6821"}],"curies":[{"name":"wp","href":"https:\/\/api.w.org\/{rel}","templated":true}]}}