{"id":6852,"date":"2025-03-26T10:58:57","date_gmt":"2025-03-26T09:58:57","guid":{"rendered":"https:\/\/gudenaacamping.dk\/?page_id=6852"},"modified":"2026-03-06T13:13:58","modified_gmt":"2026-03-06T12:13:58","slug":"seasonal-seats","status":"publish","type":"page","link":"https:\/\/gudenaacamping.dk\/en\/overnatning\/saesonpladser\/","title":{"rendered":"Seasonal pitches"},"content":{"rendered":"<div data-elementor-type=\"wp-page\" data-elementor-id=\"6852\" class=\"elementor elementor-6852\" data-elementor-post-type=\"page\">\n\t\t\t\t<div class=\"elementor-element elementor-element-5cb0d43 e-flex e-con-boxed e-con e-parent\" data-id=\"5cb0d43\" data-element_type=\"container\" data-e-type=\"container\" data-settings=\"{&quot;background_background&quot;:&quot;classic&quot;,&quot;jet_parallax_layout_list&quot;:[]}\">\n\t\t\t\t\t<div class=\"e-con-inner\">\n\t\t\t\t<div class=\"elementor-element elementor-element-c53ee70 elementor-widget elementor-widget-template\" data-id=\"c53ee70\" data-element_type=\"widget\" data-e-type=\"widget\" data-widget_type=\"template.default\">\n\t\t\t\t<div class=\"elementor-widget-container\">\n\t\t\t\t\t\t\t<div class=\"elementor-template\">\n\t\t\t\t\t<div data-elementor-type=\"container\" data-elementor-id=\"6792\" class=\"elementor elementor-6792\" data-elementor-post-type=\"elementor_library\">\n\t\t\t\t<div class=\"elementor-element elementor-element-20c84c4a e-con-full e-flex e-con e-child\" data-id=\"20c84c4a\" data-element_type=\"container\" data-e-type=\"container\" data-settings=\"{&quot;jet_parallax_layout_list&quot;:[]}\">\n\t\t\t\t<div class=\"elementor-element elementor-element-63533cdc elementor-align-center elementor-widget elementor-widget-button\" data-id=\"63533cdc\" data-element_type=\"widget\" data-e-type=\"widget\" data-widget_type=\"button.default\">\n\t\t\t\t<div class=\"elementor-widget-container\">\n\t\t\t\t\t\t\t\t\t<div class=\"elementor-button-wrapper\">\n\t\t\t\t\t<a class=\"elementor-button elementor-button-link elementor-size-sm\" href=\"https:\/\/v3.onlinebooking.dk\/v3gudenaa\" target=\"_blank\">\n\t\t\t\t\t\t<span class=\"elementor-button-content-wrapper\">\n\t\t\t\t\t\t\t\t\t<span class=\"elementor-button-text\">Book your holiday<\/span>\n\t\t\t\t\t<\/span>\n\t\t\t\t\t<\/a>\n\t\t\t\t<\/div>\n\t\t\t\t\t\t\t\t<\/div>\n\t\t\t\t<\/div>\n\t\t\t\t<\/div>\n\t\t\t\t<\/div>\n\t\t\t\t<\/div>\n\t\t\t\t\t\t<\/div>\n\t\t\t\t<\/div>\n\t\t\t\t\t<\/div>\n\t\t\t\t<\/div>\n\t\t<div class=\"elementor-element elementor-element-f705895 e-flex e-con-boxed e-con e-parent\" data-id=\"f705895\" data-element_type=\"container\" data-e-type=\"container\" data-settings=\"{&quot;jet_parallax_layout_list&quot;:[],&quot;background_background&quot;:&quot;classic&quot;}\">\n\t\t\t\t\t<div class=\"e-con-inner\">\n\t\t\t\t<div class=\"elementor-element elementor-element-321f46d elementor-widget elementor-widget-heading\" data-id=\"321f46d\" data-element_type=\"widget\" data-e-type=\"widget\" data-widget_type=\"heading.default\">\n\t\t\t\t<div class=\"elementor-widget-container\">\n\t\t\t\t\t<p class=\"elementor-heading-title elementor-size-default\">Accommodation<\/p>\t\t\t\t<\/div>\n\t\t\t\t<\/div>\n\t\t\t\t<div class=\"elementor-element elementor-element-37f1dd3 elementor-widget elementor-widget-heading\" data-id=\"37f1dd3\" data-element_type=\"widget\" data-e-type=\"widget\" data-widget_type=\"heading.default\">\n\t\t\t\t<div class=\"elementor-widget-container\">\n\t\t\t\t\t<h2 class=\"elementor-heading-title elementor-size-default\">Enjoy everyday life at the campsite<\/h2>\t\t\t\t<\/div>\n\t\t\t\t<\/div>\n\t\t\t\t<div class=\"elementor-element elementor-element-23d9031 elementor-widget elementor-widget-text-editor\" data-id=\"23d9031\" data-element_type=\"widget\" data-e-type=\"widget\" data-widget_type=\"text-editor.default\">\n\t\t\t\t<div class=\"elementor-widget-container\">\n\t\t\t\t\t\t\t\t\t<p>Avoid moving the caravan and benefit from the price packages. <br \/>When you rent a seasonal pitch, you get the whole camping experience; both high and low season. Seasonal pitches are rented all year round.<\/p><p>Take a look at the individual seasons or drop by to experience the atmosphere, see the site and get more information.<\/p>\t\t\t\t\t\t\t\t<\/div>\n\t\t\t\t<\/div>\n\t\t\t\t<div class=\"elementor-element elementor-element-9ea3dc7 elementor-align-center elementor-widget elementor-widget-button\" data-id=\"9ea3dc7\" data-element_type=\"widget\" data-e-type=\"widget\" data-widget_type=\"button.default\">\n\t\t\t\t<div class=\"elementor-widget-container\">\n\t\t\t\t\t\t\t\t\t<div class=\"elementor-button-wrapper\">\n\t\t\t\t\t<a class=\"elementor-button elementor-button-link elementor-size-sm\" href=\"https:\/\/gudenaacamping.dk\/wp-content\/uploads\/2025\/03\/Prisliste-Gudenaa-Saesonplads-2025.pdf\" target=\"_blank\">\n\t\t\t\t\t\t<span class=\"elementor-button-content-wrapper\">\n\t\t\t\t\t\t\t\t\t<span class=\"elementor-button-text\">See prices<\/span>\n\t\t\t\t\t<\/span>\n\t\t\t\t\t<\/a>\n\t\t\t\t<\/div>\n\t\t\t\t\t\t\t\t<\/div>\n\t\t\t\t<\/div>\n\t\t\t\t\t<\/div>\n\t\t\t\t<\/div>\n\t\t<div class=\"elementor-element elementor-element-94250c4 e-con-full e-flex e-con e-parent\" data-id=\"94250c4\" data-element_type=\"container\" data-e-type=\"container\" data-settings=\"{&quot;jet_parallax_layout_list&quot;:[]}\">\n\t\t<div class=\"elementor-element elementor-element-b70408c e-con-full e-flex e-con e-child\" data-id=\"b70408c\" data-element_type=\"container\" data-e-type=\"container\" data-settings=\"{&quot;background_background&quot;:&quot;classic&quot;,&quot;jet_parallax_layout_list&quot;:[]}\">\n\t\t\t\t<\/div>\n\t\t<div class=\"elementor-element elementor-element-1e53e87 e-con-full e-flex e-con e-child\" data-id=\"1e53e87\" data-element_type=\"container\" data-e-type=\"container\" data-settings=\"{&quot;jet_parallax_layout_list&quot;:[],&quot;background_background&quot;:&quot;classic&quot;}\">\n\t\t<div class=\"elementor-element elementor-element-46213dd e-flex e-con-boxed e-con e-child\" data-id=\"46213dd\" data-element_type=\"container\" data-e-type=\"container\" data-settings=\"{&quot;jet_parallax_layout_list&quot;:[]}\">\n\t\t\t\t\t<div class=\"e-con-inner\">\n\t\t\t\t<div class=\"elementor-element elementor-element-5b9c4ac elementor-view-stacked elementor-shape-circle elementor-widget elementor-widget-icon\" data-id=\"5b9c4ac\" data-element_type=\"widget\" data-e-type=\"widget\" data-widget_type=\"icon.default\">\n\t\t\t\t<div class=\"elementor-widget-container\">\n\t\t\t\t\t\t\t<div class=\"elementor-icon-wrapper\">\n\t\t\t<div class=\"elementor-icon\">\n\t\t\t<svg xmlns=\"http:\/\/www.w3.org\/2000\/svg\" id=\"a\" data-name=\"Outline Expand\" width=\"64\" height=\"64\" viewbox=\"0 0 64 64\"><path d=\"m58.21582,34.55615l-7.38281-3.28027-3.5069-12.27588h1.32526c1.18555,0,2.23047-.66943,2.72559-1.74658.49609-1.07715.32422-2.30566-.44824-3.20605l-2.57031-3c-.57129-.66553-1.40137-1.04736-2.27832-1.04736h-10.08008c-.55273,0-1,.44775-1,1s.44727,1,1,1h10.08008c.29297,0,.56934.12695.75977.34912l2.57129,3c.38672.45117.21191.93213.14941,1.06885-.06348.13623-.31445.58203-.90918.58203H6v-4c0-.55127.44873-1,1-1h25c.55225,0,1-.44775,1-1s-.44775-1-1-1H7c-1.6543,0-3,1.3457-3,3v26c0,.55225.44775,1,1,1s1-.44775,1-1v-20h39.24609l.57129,2h-17.81738c-1.6543,0-3,1.3457-3,3v23h-2.09033c-.47833-2.83313-2.94244-5-5.90967-5s-5.43134,2.16687-5.90967,5h-4.09033c-.55127,0-1-.44873-1-1v-3c0-.55225-.44775-1-1-1s-1,.44775-1,1v3c0,1.6543,1.3457,3,3,3h4.09033c.47833,2.83313,2.94244,5,5.90967,5s5.43134-2.16687,5.90967-5h20.18066c.47833,2.83313,2.94244,5,5.90967,5s5.43134-2.16687,5.90967-5h2.09033c1.6543,0,3-1.3457,3-3v-8.7002c0-1.18555-.7002-2.2627-1.78418-2.74365Zm-9.54193-3.55615h-9.67389v-8h7.38867l2.28522,8Zm-20.67389-8h9v2h-10v-1c0-.55127.44873-1,1-1Zm-11,29c-2.20557,0-4-1.79443-4-4s1.79443-4,4-4,4,1.79443,4,4-1.79443,4-4,4Zm10-5v-20h10v20h-10Zm22,5c-2.20605,0-4-1.79443-4-4s1.79395-4,4-4,4,1.79443,4,4-1.79395,4-4,4Zm9-6c0,.55127-.44824,1-1,1h-2.09033c-.47833-2.83313-2.94244-5-5.90967-5s-5.43134,2.16687-5.90967,5h-4.09033v-14h10.78717l7.61713,3.38428c.36133.16064.5957.52002.5957.91553v8.7002Zm-38-7c1.6543,0,3-1.3457,3-3v-12c0-1.6543-1.3457-3-3-3h-9c-1.6543,0-3,1.3457-3,3v12c0,1.6543,1.3457,3,3,3h9Zm-9-16h9c.55127,0,1,.44873,1,1v5h-11v-5c0-.55127.44873-1,1-1Zm-1,13v-5h11v5c0,.55127-.44873,1-1,1h-9c-.55127,0-1-.44873-1-1Zm21-2v2c0,.55225-.44775,1-1,1s-1-.44775-1-1v-2c0-.55225.44775-1,1-1s1,.44775,1,1Z\"><\/path><\/svg>\t\t\t<\/div>\n\t\t<\/div>\n\t\t\t\t\t\t<\/div>\n\t\t\t\t<\/div>\n\t\t\t\t<div class=\"elementor-element elementor-element-4215c93 elementor-widget elementor-widget-heading\" data-id=\"4215c93\" data-element_type=\"widget\" data-e-type=\"widget\" data-widget_type=\"heading.default\">\n\t\t\t\t<div class=\"elementor-widget-container\">\n\t\t\t\t\t<h2 class=\"elementor-heading-title elementor-size-default\">Seasonal seats 2025<\/h2>\t\t\t\t<\/div>\n\t\t\t\t<\/div>\n\t\t\t\t<div class=\"elementor-element elementor-element-4ed3e62 elementor-widget__width-inherit e-n-tabs-mobile elementor-widget elementor-widget-n-tabs\" data-id=\"4ed3e62\" data-element_type=\"widget\" data-e-type=\"widget\" data-settings=\"{&quot;tabs_justify_horizontal&quot;:&quot;start&quot;,&quot;horizontal_scroll&quot;:&quot;disable&quot;}\" data-widget_type=\"nested-tabs.default\">\n\t\t\t\t<div class=\"elementor-widget-container\">\n\t\t\t\t\t\t\t<div class=\"e-n-tabs\" data-widget-number=\"82656866\" aria-label=\"Tabs. Open items with Enter or Space, close with Escape and navigate using the Arrow keys.\" data-no-translation-aria-label=\"\">\n\t\t\t<div class=\"e-n-tabs-heading\" role=\"tablist\">\n\t\t\t\t\t<button id=\"e-n-tab-title-826568661\" data-tab-title-id=\"e-n-tab-title-826568661\" class=\"e-n-tab-title\" aria-selected=\"true\" data-tab-index=\"1\" role=\"tab\" tabindex=\"0\" aria-controls=\"e-n-tab-content-826568661\" style=\"--n-tabs-title-order: 1;\">\n\t\t\t\t\t\t<span class=\"e-n-tab-title-text\">\n\t\t\t\tSpring season\t\t\t<\/span>\n\t\t<\/button>\n\t\t\t\t<button id=\"e-n-tab-title-826568662\" data-tab-title-id=\"e-n-tab-title-826568662\" class=\"e-n-tab-title\" aria-selected=\"false\" data-tab-index=\"2\" role=\"tab\" tabindex=\"-1\" aria-controls=\"e-n-tab-content-826568662\" style=\"--n-tabs-title-order: 2;\">\n\t\t\t\t\t\t<span class=\"e-n-tab-title-text\">\n\t\t\t\tSummer season\t\t\t<\/span>\n\t\t<\/button>\n\t\t\t\t<button id=\"e-n-tab-title-826568663\" data-tab-title-id=\"e-n-tab-title-826568663\" class=\"e-n-tab-title\" aria-selected=\"false\" data-tab-index=\"3\" role=\"tab\" tabindex=\"-1\" aria-controls=\"e-n-tab-content-826568663\" style=\"--n-tabs-title-order: 3;\">\n\t\t\t\t\t\t<span class=\"e-n-tab-title-text\">\n\t\t\t\tAutumn season\t\t\t<\/span>\n\t\t<\/button>\n\t\t\t\t<button id=\"e-n-tab-title-826568664\" data-tab-title-id=\"e-n-tab-title-826568664\" class=\"e-n-tab-title\" aria-selected=\"false\" data-tab-index=\"4\" role=\"tab\" tabindex=\"-1\" aria-controls=\"e-n-tab-content-826568664\" style=\"--n-tabs-title-order: 4;\">\n\t\t\t\t\t\t<span class=\"e-n-tab-title-text\">\n\t\t\t\tWinter season\t\t\t<\/span>\n\t\t<\/button>\n\t\t\t\t\t<\/div>\n\t\t\t<div class=\"e-n-tabs-content\">\n\t\t\t\t<div id=\"e-n-tab-content-826568661\" role=\"tabpanel\" aria-labelledby=\"e-n-tab-title-826568661\" data-tab-index=\"1\" style=\"--n-tabs-title-order: 1;\" class=\"e-active elementor-element elementor-element-5046945 e-con-full e-flex e-con e-child\" data-id=\"5046945\" data-element_type=\"container\" data-e-type=\"container\" data-settings=\"{&quot;jet_parallax_layout_list&quot;:[]}\">\n\t\t<div class=\"elementor-element elementor-element-0016e11 e-con-full e-flex e-con e-child\" data-id=\"0016e11\" data-element_type=\"container\" data-e-type=\"container\" data-settings=\"{&quot;jet_parallax_layout_list&quot;:[]}\">\n\t\t\t\t<div class=\"elementor-element elementor-element-4005271 elementor-widget elementor-widget-text-editor\" data-id=\"4005271\" data-element_type=\"widget\" data-e-type=\"widget\" data-widget_type=\"text-editor.default\">\n\t\t\t\t<div class=\"elementor-widget-container\">\n\t\t\t\t\t\t\t\t\t<p><strong>Spring season: 28 March \u2013 5 July<\/strong><\/p><p>Drop by and see which pitches you can choose from.<\/p><p>Feel the arrival of spring and enjoy the beautiful spring weather at Guden\u00e5 Camping. Here you'll find peace and quiet, open sky and the fresh air that characterises this season. Take a relaxing walk in the surrounding area and experience nature in all its beauty. Spring at Guden\u00e5 Camping is a time to recharge and savour the moment.<\/p><p>Try our mini golf course and end the day with a cold beer or refreshing drink and a delicious meal on the terrace or inside in our caf\u00e9. Here you can enjoy the fresh spring atmosphere, feel the warmth of the sun and experience nature unfolding around you.<\/p><p><strong>Price DKK 6,500 for the entire period includes:<\/strong><\/p><ul><li>2 adults including own children and grandchildren under 18 years (grandchildren only free without parents)<\/li><li>Power connection<\/li><li>WIFI<\/li><li>Day visitors<\/li><li>1 Dog\/cat<\/li><\/ul><p><strong>Surcharge for:<\/strong><\/p><ul><li>Power and shower<\/li><li>Overnight guests (in addition to the above)<\/li><li>Lending caravan to others<\/li><\/ul>\t\t\t\t\t\t\t\t<\/div>\n\t\t\t\t<\/div>\n\t\t\t\t<\/div>\n\t\t\t\t<\/div>\n\t\t<div id=\"e-n-tab-content-826568662\" role=\"tabpanel\" aria-labelledby=\"e-n-tab-title-826568662\" data-tab-index=\"2\" style=\"--n-tabs-title-order: 2;\" class=\"elementor-element elementor-element-c0de697 e-con-full e-flex e-con e-child\" data-id=\"c0de697\" data-element_type=\"container\" data-e-type=\"container\" data-settings=\"{&quot;jet_parallax_layout_list&quot;:[]}\">\n\t\t\t\t<div class=\"elementor-element elementor-element-1f2bef5 elementor-widget elementor-widget-text-editor\" data-id=\"1f2bef5\" data-element_type=\"widget\" data-e-type=\"widget\" data-widget_type=\"text-editor.default\">\n\t\t\t\t<div class=\"elementor-widget-container\">\n\t\t\t\t\t\t\t\t\t<section class=\"av_textblock_section\"><div class=\"avia_textblock\"><p><strong>Summer season: 27 March \u2013 27 September<\/strong><\/p><p>Drop by and see which pitches you can choose from.<\/p><p>Enjoy the summer heat and warm air at Guden\u00e5 Camping, where peace and quiet surround you. The sky is open, there is room for contemplation and the opportunity to take a canoe trip on the beautiful Guden\u00e5 river.<\/p><p>Try our new mini golf course and end the day with a cold beer or drink and a delicious meal on the terrace by our caf\u00e9. Soak up the summer atmosphere and enjoy a relaxing day in the heart of nature.<\/p><\/div><\/section><section class=\"av_textblock_section\"><div class=\"avia_textblock\"><p><strong>Price DKK 12,300 for the entire period includes:<\/strong><\/p><ul><li>2 adults including own children and grandchildren under 18 years (grandchildren only free without parents)<\/li><li>Power connection<\/li><li>WIFI<\/li><li>Day visitors<\/li><li>1 dog\/cat<\/li><\/ul><p><strong>Surcharge for:<\/strong><\/p><ul><li>Power and shower<\/li><li>Overnight guests (in addition to the above)<\/li><li>Lending caravan to others<\/li><\/ul><\/div><\/section>\t\t\t\t\t\t\t\t<\/div>\n\t\t\t\t<\/div>\n\t\t\t\t<\/div>\n\t\t<div id=\"e-n-tab-content-826568663\" role=\"tabpanel\" aria-labelledby=\"e-n-tab-title-826568663\" data-tab-index=\"3\" style=\"--n-tabs-title-order: 3;\" class=\"elementor-element elementor-element-dd18f2c e-con-full e-flex e-con e-child\" data-id=\"dd18f2c\" data-element_type=\"container\" data-e-type=\"container\" data-settings=\"{&quot;jet_parallax_layout_list&quot;:[]}\">\n\t\t\t\t<div class=\"elementor-element elementor-element-b478177 elementor-widget elementor-widget-text-editor\" data-id=\"b478177\" data-element_type=\"widget\" data-e-type=\"widget\" data-widget_type=\"text-editor.default\">\n\t\t\t\t<div class=\"elementor-widget-container\">\n\t\t\t\t\t\t\t\t\t<section class=\"av_textblock_section\"><div class=\"avia_textblock\"><p><strong>Autumn season: 9\/8 \u2013 27\/9<\/strong><\/p><p>Drop by and see which pitches you can choose from.<\/p><section class=\"av_textblock_section\"><div class=\"avia_textblock\"><p>Enjoy the beautiful autumn colours and fresh autumn weather at Guden\u00e5 Camping. Here you can find peace and quiet, the open sky and the clear air that characterises this season. Take a relaxing walk in the area where nature shows its colourful side and let the autumn atmosphere fill you with new energy. Autumn at Guden\u00e5 Camping is a time for reflection and cosiness in scenic surroundings.<\/p><p>Try our mini golf course and end the day with a hot drink or a cold beer and a delicious meal on the terrace or inside in our caf\u00e9. Here you can enjoy the tranquil atmosphere of autumn and let the golden colours of nature set the scene for a relaxing day.<\/p><\/div><\/section><section class=\"av_textblock_section\"><div class=\"avia_textblock\"><p><strong>Price DKK 3,500 for the entire period includes:<\/strong><\/p><ul><li>2 adults including own children and grandchildren under 18 years (grandchildren only free without parents)<\/li><li>Power connection<\/li><li>WIFI<\/li><li>Day visitors<\/li><li>Dog\/cat<\/li><\/ul><p><strong>Surcharge for:<\/strong><\/p><ul><li>Power and shower<\/li><li>Overnight guests (in addition to the above)<\/li><li>Lending caravan to others<\/li><\/ul><\/div><\/section><\/div><\/section>\t\t\t\t\t\t\t\t<\/div>\n\t\t\t\t<\/div>\n\t\t\t\t<\/div>\n\t\t<div id=\"e-n-tab-content-826568664\" role=\"tabpanel\" aria-labelledby=\"e-n-tab-title-826568664\" data-tab-index=\"4\" style=\"--n-tabs-title-order: 4;\" class=\"elementor-element elementor-element-d906658 e-con-full e-flex e-con e-child\" data-id=\"d906658\" data-element_type=\"container\" data-e-type=\"container\" data-settings=\"{&quot;jet_parallax_layout_list&quot;:[]}\">\n\t\t\t\t<div class=\"elementor-element elementor-element-33e4b56 elementor-widget elementor-widget-text-editor\" data-id=\"33e4b56\" data-element_type=\"widget\" data-e-type=\"widget\" data-widget_type=\"text-editor.default\">\n\t\t\t\t<div class=\"elementor-widget-container\">\n\t\t\t\t\t\t\t\t\t<section class=\"av_textblock_section\"><div class=\"avia_textblock\"><section class=\"av_textblock_section\"><div class=\"avia_textblock\"><p><strong>Winter season: 27 September \u2013 21 March 2027<\/strong><\/p><p>Drop by and see which pitches you can choose from.<\/p><p>Experience the magic of winter and the beautiful, clear winter weather at Guden\u00e5 Camping. Here you'll find peace and quiet, the open sky and the fresh, cold air that makes the season so special. Take a nice walk in the scenic area where the winter landscape invites you to contemplation and peace of mind. Winter at Guden\u00e5 Camping is a time to find peace and enjoy the simple beauty of nature.<\/p><\/div><\/section><section class=\"av_textblock_section\"><div class=\"avia_textblock\"><p><strong>Price includes DKK 4,000 for the entire period:<\/strong><\/p><ul><li>2 adults including own children and grandchildren under 18 years (grandchildren only free without parents)<\/li><li>Power connection<\/li><li>WIFI<\/li><li>Day visitors<\/li><li>1 dog\/cat<\/li><\/ul><p><strong>Surcharge for:<\/strong><\/p><ul><li>Power and shower<\/li><li>Overnight guests (in addition to the above)<\/li><li>Lending caravan to others<\/li><\/ul><\/div><\/section><\/div><\/section>\t\t\t\t\t\t\t\t<\/div>\n\t\t\t\t<\/div>\n\t\t\t\t<\/div>\n\t\t\t\t\t<\/div>\n\t\t<\/div>\n\t\t\t\t\t\t<\/div>\n\t\t\t\t<\/div>\n\t\t\t\t<div class=\"elementor-element elementor-element-e57bd7c elementor-widget elementor-widget-template\" data-id=\"e57bd7c\" data-element_type=\"widget\" data-e-type=\"widget\" data-widget_type=\"template.default\">\n\t\t\t\t<div class=\"elementor-widget-container\">\n\t\t\t\t\t\t\t<div class=\"elementor-template\">\n\t\t\t\t\t<div data-elementor-type=\"container\" data-elementor-id=\"6824\" class=\"elementor elementor-6824\" data-elementor-post-type=\"elementor_library\">\n\t\t\t\t<div class=\"elementor-element elementor-element-4c23a607 e-con-full e-flex e-con e-child\" data-id=\"4c23a607\" data-element_type=\"container\" data-e-type=\"container\" data-settings=\"{&quot;jet_parallax_layout_list&quot;:[]}\">\n\t\t\t\t<div class=\"elementor-element elementor-element-362593ce elementor-align-center elementor-widget elementor-widget-button\" data-id=\"362593ce\" data-element_type=\"widget\" data-e-type=\"widget\" data-widget_type=\"button.default\">\n\t\t\t\t<div class=\"elementor-widget-container\">\n\t\t\t\t\t\t\t\t\t<div class=\"elementor-button-wrapper\">\n\t\t\t\t\t<a class=\"elementor-button elementor-button-link elementor-size-sm\" href=\"https:\/\/v3.onlinebooking.dk\/v3gudenaa\" target=\"_blank\">\n\t\t\t\t\t\t<span class=\"elementor-button-content-wrapper\">\n\t\t\t\t\t\t\t\t\t<span class=\"elementor-button-text\">Booking<\/span>\n\t\t\t\t\t<\/span>\n\t\t\t\t\t<\/a>\n\t\t\t\t<\/div>\n\t\t\t\t\t\t\t\t<\/div>\n\t\t\t\t<\/div>\n\t\t\t\t<\/div>\n\t\t\t\t<\/div>\n\t\t\t\t<\/div>\n\t\t\t\t\t\t<\/div>\n\t\t\t\t<\/div>\n\t\t\t\t\t<\/div>\n\t\t\t\t<\/div>\n\t\t\t\t<\/div>\n\t\t\t\t<\/div>\n\t\t<div class=\"elementor-element elementor-element-f3a1ada e-con-full e-flex e-con e-parent\" data-id=\"f3a1ada\" data-element_type=\"container\" data-e-type=\"container\" data-settings=\"{&quot;jet_parallax_layout_list&quot;:[]}\">\n\t\t\t\t<div class=\"elementor-element elementor-element-8b956bb elementor-widget elementor-widget-image-carousel\" data-id=\"8b956bb\" data-element_type=\"widget\" data-e-type=\"widget\" data-settings=\"{&quot;slides_to_show&quot;:&quot;4&quot;,&quot;slides_to_show_tablet&quot;:&quot;3&quot;,&quot;slides_to_show_mobile&quot;:&quot;2&quot;,&quot;navigation&quot;:&quot;none&quot;,&quot;pause_on_hover&quot;:&quot;no&quot;,&quot;pause_on_interaction&quot;:&quot;no&quot;,&quot;autoplay_speed&quot;:3000,&quot;slides_to_show_widescreen&quot;:&quot;6&quot;,&quot;autoplay&quot;:&quot;yes&quot;,&quot;infinite&quot;:&quot;yes&quot;,&quot;speed&quot;:500}\" data-widget_type=\"image-carousel.default\">\n\t\t\t\t<div class=\"elementor-widget-container\">\n\t\t\t\t\t\t\t<div class=\"elementor-image-carousel-wrapper swiper\" role=\"region\" aria-roledescription=\"carousel\" aria-label=\"Image Carousel\" dir=\"ltr\">\n\t\t\t<div class=\"elementor-image-carousel swiper-wrapper\" aria-live=\"off\">\n\t\t\t\t\t\t\t\t<div class=\"swiper-slide\" role=\"group\" aria-roledescription=\"slide\" aria-label=\"1 of 4\" data-no-translation-aria-label=\"\"><a data-elementor-open-lightbox=\"yes\" data-elementor-lightbox-slideshow=\"8b956bb\" data-e-action-hash=\"#elementor-action%3Aaction%3Dlightbox%26settings%3DeyJpZCI6ODQ3OCwidXJsIjoiaHR0cHM6XC9cL2d1ZGVuYWFjYW1waW5nLmRrXC93cC1jb250ZW50XC91cGxvYWRzXC8yMDI1XC8wOVwvMmxFOFhZczcuanBlZyIsInNsaWRlc2hvdyI6IjhiOTU2YmIifQ%3D%3D\" href=\"https:\/\/gudenaacamping.dk\/wp-content\/uploads\/2025\/09\/2lE8XYs7.jpeg\"><figure class=\"swiper-slide-inner\"><img decoding=\"async\" class=\"swiper-slide-image\" src=\"https:\/\/gudenaacamping.dk\/wp-content\/uploads\/2025\/09\/2lE8XYs7.jpeg\" alt=\"\" \/><\/figure><\/a><\/div><div class=\"swiper-slide\" role=\"group\" aria-roledescription=\"slide\" aria-label=\"2 of 4\" data-no-translation-aria-label=\"\"><a data-elementor-open-lightbox=\"yes\" data-elementor-lightbox-slideshow=\"8b956bb\" data-e-action-hash=\"#elementor-action%3Aaction%3Dlightbox%26settings%3DeyJpZCI6ODUyNywidXJsIjoiaHR0cHM6XC9cL2d1ZGVuYWFjYW1waW5nLmRrXC93cC1jb250ZW50XC91cGxvYWRzXC8yMDI1XC8wOVwvQzJBMzE3My0yLTcyLWRwaS1zY2FsZWQtZTE3NTczMjQ5NTk5OTAuanBnIiwic2xpZGVzaG93IjoiOGI5NTZiYiJ9\" href=\"https:\/\/gudenaacamping.dk\/wp-content\/uploads\/2025\/09\/C2A3173-2-72-dpi-scaled-e1757324959990.jpg\"><figure class=\"swiper-slide-inner\"><img decoding=\"async\" class=\"swiper-slide-image\" src=\"https:\/\/gudenaacamping.dk\/wp-content\/uploads\/2025\/09\/C2A3173-2-72-dpi-scaled-e1757324959990.jpg\" alt=\"\" \/><\/figure><\/a><\/div><div class=\"swiper-slide\" role=\"group\" aria-roledescription=\"slide\" aria-label=\"3 of 4\" data-no-translation-aria-label=\"\"><a data-elementor-open-lightbox=\"yes\" data-elementor-lightbox-slideshow=\"8b956bb\" data-e-action-hash=\"#elementor-action%3Aaction%3Dlightbox%26settings%3DeyJpZCI6ODMzOCwidXJsIjoiaHR0cHM6XC9cL2d1ZGVuYWFjYW1waW5nLmRrXC93cC1jb250ZW50XC91cGxvYWRzXC8yMDI1XC8wOVwvaDhBbl9NcWguanBlZyIsInNsaWRlc2hvdyI6IjhiOTU2YmIifQ%3D%3D\" href=\"https:\/\/gudenaacamping.dk\/wp-content\/uploads\/2025\/09\/h8An_Mqh.jpeg\"><figure class=\"swiper-slide-inner\"><img decoding=\"async\" class=\"swiper-slide-image\" src=\"https:\/\/gudenaacamping.dk\/wp-content\/uploads\/2025\/09\/h8An_Mqh.jpeg\" alt=\"\" \/><\/figure><\/a><\/div><div class=\"swiper-slide\" role=\"group\" aria-roledescription=\"slide\" aria-label=\"4 of 4\" data-no-translation-aria-label=\"\"><a data-elementor-open-lightbox=\"yes\" data-elementor-lightbox-slideshow=\"8b956bb\" data-elementor-lightbox-title=\"IMG_5275\" data-e-action-hash=\"#elementor-action%3Aaction%3Dlightbox%26settings%3DeyJpZCI6ODUzNywidXJsIjoiaHR0cHM6XC9cL2d1ZGVuYWFjYW1waW5nLmRrXC93cC1jb250ZW50XC91cGxvYWRzXC8yMDI1XC8wOVwvSU1HXzUyNzUtMS1zY2FsZWQuanBnIiwic2xpZGVzaG93IjoiOGI5NTZiYiJ9\" href=\"https:\/\/gudenaacamping.dk\/wp-content\/uploads\/2025\/09\/IMG_5275-1-scaled.jpg\"><figure class=\"swiper-slide-inner\"><img decoding=\"async\" class=\"swiper-slide-image\" src=\"https:\/\/gudenaacamping.dk\/wp-content\/uploads\/2025\/09\/IMG_5275-1-scaled.jpg\" alt=\"IMG_5275\" \/><\/figure><\/a><\/div>\t\t\t<\/div>\n\t\t\t\t\t\t\t\n\t\t\t\t\t\t\t\t\t<\/div>\n\t\t\t\t\t\t<\/div>\n\t\t\t\t<\/div>\n\t\t\t\t<\/div>\n\t\t\t\t<\/div>","protected":false},"excerpt":{"rendered":"<p>Overnatning Nyd hverdagen p\u00e5 campingpladsen Slip for at flytte vognen og nyd godt af prispakkerne. N\u00e5r du lejer en s\u00e6sonplads, f\u00e5r du hele oplevelsen af campinglivet med; b\u00e5de h\u00f8j- og lavs\u00e6son. S\u00e6sonpladser udlejes nemlig hele \u00e5ret rundt. Se n\u00e6rmere under de enkelte s\u00e6soner eller kom forbi, s\u00e5 du kan m\u00e6rke stemningen, se pladsen og f\u00e5 [&hellip;]<\/p>\n","protected":false},"author":1,"featured_media":0,"parent":4762,"menu_order":0,"comment_status":"closed","ping_status":"closed","template":"","meta":{"_seopress_robots_primary_cat":"","_seopress_titles_title":"","_seopress_titles_desc":"","_seopress_robots_index":"","inline_featured_image":false,"footnotes":""},"class_list":["post-6852","page","type-page","status-publish","hentry"],"_links":{"self":[{"href":"https:\/\/gudenaacamping.dk\/en\/wp-json\/wp\/v2\/pages\/6852","targetHints":{"allow":["GET"]}}],"collection":[{"href":"https:\/\/gudenaacamping.dk\/en\/wp-json\/wp\/v2\/pages"}],"about":[{"href":"https:\/\/gudenaacamping.dk\/en\/wp-json\/wp\/v2\/types\/page"}],"author":[{"embeddable":true,"href":"https:\/\/gudenaacamping.dk\/en\/wp-json\/wp\/v2\/users\/1"}],"replies":[{"embeddable":true,"href":"https:\/\/gudenaacamping.dk\/en\/wp-json\/wp\/v2\/comments?post=6852"}],"version-history":[{"count":76,"href":"https:\/\/gudenaacamping.dk\/en\/wp-json\/wp\/v2\/pages\/6852\/revisions"}],"predecessor-version":[{"id":9459,"href":"https:\/\/gudenaacamping.dk\/en\/wp-json\/wp\/v2\/pages\/6852\/revisions\/9459"}],"up":[{"embeddable":true,"href":"https:\/\/gudenaacamping.dk\/en\/wp-json\/wp\/v2\/pages\/4762"}],"wp:attachment":[{"href":"https:\/\/gudenaacamping.dk\/en\/wp-json\/wp\/v2\/media?parent=6852"}],"curies":[{"name":"wp","href":"https:\/\/api.w.org\/{rel}","templated":true}]}}