{"id":7001,"date":"2025-03-27T10:42:04","date_gmt":"2025-03-27T09:42:04","guid":{"rendered":"https:\/\/gudenaacamping.dk\/?page_id=7001"},"modified":"2025-09-09T11:34:28","modified_gmt":"2025-09-09T09:34:28","slug":"petanque-court","status":"publish","type":"page","link":"https:\/\/gudenaacamping.dk\/en\/oplevelser\/petanquebane\/","title":{"rendered":"Petanque court"},"content":{"rendered":"<div data-elementor-type=\"wp-page\" data-elementor-id=\"7001\" class=\"elementor elementor-7001\" data-elementor-post-type=\"page\">\n\t\t\t\t<div class=\"elementor-element elementor-element-5cb0d43 e-flex e-con-boxed e-con e-parent\" data-id=\"5cb0d43\" data-element_type=\"container\" data-e-type=\"container\" data-settings=\"{&quot;background_background&quot;:&quot;classic&quot;,&quot;jet_parallax_layout_list&quot;:[]}\">\n\t\t\t\t\t<div class=\"e-con-inner\">\n\t\t<div class=\"elementor-element elementor-element-83e2911 e-con-full e-flex e-con e-child\" data-id=\"83e2911\" data-element_type=\"container\" data-e-type=\"container\" data-settings=\"{&quot;jet_parallax_layout_list&quot;:[]}\">\n\t\t\t\t<div class=\"elementor-element elementor-element-0500478 elementor-widget elementor-widget-template\" data-id=\"0500478\" data-element_type=\"widget\" data-e-type=\"widget\" data-widget_type=\"template.default\">\n\t\t\t\t<div class=\"elementor-widget-container\">\n\t\t\t\t\t\t\t<div class=\"elementor-template\">\n\t\t\t\t\t<div data-elementor-type=\"container\" data-elementor-id=\"6792\" class=\"elementor elementor-6792\" data-elementor-post-type=\"elementor_library\">\n\t\t\t\t<div class=\"elementor-element elementor-element-20c84c4a e-con-full e-flex e-con e-child\" data-id=\"20c84c4a\" data-element_type=\"container\" data-e-type=\"container\" data-settings=\"{&quot;jet_parallax_layout_list&quot;:[]}\">\n\t\t\t\t<div class=\"elementor-element elementor-element-63533cdc elementor-align-center elementor-widget elementor-widget-button\" data-id=\"63533cdc\" data-element_type=\"widget\" data-e-type=\"widget\" data-widget_type=\"button.default\">\n\t\t\t\t<div class=\"elementor-widget-container\">\n\t\t\t\t\t\t\t\t\t<div class=\"elementor-button-wrapper\">\n\t\t\t\t\t<a class=\"elementor-button elementor-button-link elementor-size-sm\" href=\"https:\/\/v3.onlinebooking.dk\/v3gudenaa\" target=\"_blank\">\n\t\t\t\t\t\t<span class=\"elementor-button-content-wrapper\">\n\t\t\t\t\t\t\t\t\t<span class=\"elementor-button-text\">Book your holiday<\/span>\n\t\t\t\t\t<\/span>\n\t\t\t\t\t<\/a>\n\t\t\t\t<\/div>\n\t\t\t\t\t\t\t\t<\/div>\n\t\t\t\t<\/div>\n\t\t\t\t<\/div>\n\t\t\t\t<\/div>\n\t\t\t\t<\/div>\n\t\t\t\t\t\t<\/div>\n\t\t\t\t<\/div>\n\t\t\t\t<\/div>\n\t\t\t\t\t<\/div>\n\t\t\t\t<\/div>\n\t\t<div class=\"elementor-element elementor-element-f705895 e-flex e-con-boxed e-con e-parent\" data-id=\"f705895\" data-element_type=\"container\" data-e-type=\"container\" data-settings=\"{&quot;jet_parallax_layout_list&quot;:[],&quot;background_background&quot;:&quot;classic&quot;}\">\n\t\t\t\t\t<div class=\"e-con-inner\">\n\t\t\t\t<div class=\"elementor-element elementor-element-5e19b2a elementor-widget elementor-widget-heading\" data-id=\"5e19b2a\" data-element_type=\"widget\" data-e-type=\"widget\" data-widget_type=\"heading.default\">\n\t\t\t\t<div class=\"elementor-widget-container\">\n\t\t\t\t\t<p class=\"elementor-heading-title elementor-size-default\">Experiences<\/p>\t\t\t\t<\/div>\n\t\t\t\t<\/div>\n\t\t\t\t<div class=\"elementor-element elementor-element-37f1dd3 elementor-widget elementor-widget-heading\" data-id=\"37f1dd3\" data-element_type=\"widget\" data-e-type=\"widget\" data-widget_type=\"heading.default\">\n\t\t\t\t<div class=\"elementor-widget-container\">\n\t\t\t\t\t<h2 class=\"elementor-heading-title elementor-size-default\">Friendly competition at the petanque court<\/h2>\t\t\t\t<\/div>\n\t\t\t\t<\/div>\n\t\t\t\t<div class=\"elementor-element elementor-element-23d9031 elementor-widget elementor-widget-text-editor\" data-id=\"23d9031\" data-element_type=\"widget\" data-e-type=\"widget\" data-widget_type=\"text-editor.default\">\n\t\t\t\t<div class=\"elementor-widget-container\">\n\t\t\t\t\t\t\t\t\t<p>There is nothing like a game of petanque to spoil the family peace. Discussing distances and points can require a peacemaker. But it is far too cosy and fun not to.\u00a0<\/p>\t\t\t\t\t\t\t\t<\/div>\n\t\t\t\t<\/div>\n\t\t\t\t\t<\/div>\n\t\t\t\t<\/div>\n\t\t<div class=\"elementor-element elementor-element-94250c4 e-con-full e-flex e-con e-parent\" data-id=\"94250c4\" data-element_type=\"container\" data-e-type=\"container\" data-settings=\"{&quot;jet_parallax_layout_list&quot;:[]}\">\n\t\t<div class=\"elementor-element elementor-element-b70408c e-con-full e-flex e-con e-child\" data-id=\"b70408c\" data-element_type=\"container\" data-e-type=\"container\" data-settings=\"{&quot;background_background&quot;:&quot;classic&quot;,&quot;jet_parallax_layout_list&quot;:[]}\">\n\t\t\t\t<\/div>\n\t\t<div class=\"elementor-element elementor-element-1e53e87 e-con-full e-flex e-con e-child\" data-id=\"1e53e87\" data-element_type=\"container\" data-e-type=\"container\" data-settings=\"{&quot;jet_parallax_layout_list&quot;:[],&quot;background_background&quot;:&quot;classic&quot;}\">\n\t\t<div class=\"elementor-element elementor-element-46213dd e-flex e-con-boxed e-con e-child\" data-id=\"46213dd\" data-element_type=\"container\" data-e-type=\"container\" data-settings=\"{&quot;jet_parallax_layout_list&quot;:[]}\">\n\t\t\t\t\t<div class=\"e-con-inner\">\n\t\t\t\t<div class=\"elementor-element elementor-element-f0161fd elementor-view-stacked elementor-shape-circle elementor-widget elementor-widget-icon\" data-id=\"f0161fd\" data-element_type=\"widget\" data-e-type=\"widget\" data-widget_type=\"icon.default\">\n\t\t\t\t<div class=\"elementor-widget-container\">\n\t\t\t\t\t\t\t<div class=\"elementor-icon-wrapper\">\n\t\t\t<div class=\"elementor-icon\">\n\t\t\t<svg xmlns=\"http:\/\/www.w3.org\/2000\/svg\" viewbox=\"-3 -3 128 128\" id=\"Fitness-Pilates-Ball--Streamline-Ultimate\" height=\"128\" width=\"128\"><desc>Fitness Pilates Ball Streamline Icon: https:\/\/streamlinehq.com<\/desc><path d=\"M3.8125 61a57.1875 57.1875 0 1 0 114.375 0 57.1875 57.1875 0 1 0 -114.375 0Z\" fill=\"none\" stroke=\"#ffffff\" stroke-linecap=\"round\" stroke-linejoin=\"round\" stroke-width=\"6\"><\/path><path d=\"M50.945166666666665 4.691916666666667a49.74549999999999 49.74549999999999 0 0 1 -46.258333333333326 46.258333333333326\" fill=\"none\" stroke=\"#ffffff\" stroke-linecap=\"round\" stroke-linejoin=\"round\" stroke-width=\"6\"><\/path><path d=\"M75.78741666666667 5.739083333333333A74.59283333333333 74.59283333333333 0 0 1 5.744166666666666 75.78741666666667\" fill=\"none\" stroke=\"#ffffff\" stroke-linecap=\"round\" stroke-linejoin=\"round\" stroke-width=\"6\"><\/path><path d=\"M99.29783333333332 18.53383333333333A99.53675 99.53675 0 0 1 18.53383333333333 99.29783333333332\" fill=\"none\" stroke=\"#ffffff\" stroke-linecap=\"round\" stroke-linejoin=\"round\" stroke-width=\"6\"><\/path><path d=\"M115.55433333333332 43.797999999999995A122.17283333333332 122.17283333333332 0 0 1 43.79291666666666 115.55433333333332\" fill=\"none\" stroke=\"#ffffff\" stroke-linecap=\"round\" stroke-linejoin=\"round\" stroke-width=\"6\"><\/path><\/svg>\t\t\t<\/div>\n\t\t<\/div>\n\t\t\t\t\t\t<\/div>\n\t\t\t\t<\/div>\n\t\t<div class=\"elementor-element elementor-element-4e225b7 e-con-full e-flex e-con e-child\" data-id=\"4e225b7\" data-element_type=\"container\" data-e-type=\"container\" data-settings=\"{&quot;jet_parallax_layout_list&quot;:[]}\">\n\t\t\t\t<div class=\"elementor-element elementor-element-87528b6 elementor-widget elementor-widget-heading\" data-id=\"87528b6\" data-element_type=\"widget\" data-e-type=\"widget\" data-widget_type=\"heading.default\">\n\t\t\t\t<div class=\"elementor-widget-container\">\n\t\t\t\t\t<h2 class=\"elementor-heading-title elementor-size-default\">PETANQUE - THE BASIC RULES<\/h2>\t\t\t\t<\/div>\n\t\t\t\t<\/div>\n\t\t\t\t<div class=\"elementor-element elementor-element-be2392e elementor-widget elementor-widget-text-editor\" data-id=\"be2392e\" data-element_type=\"widget\" data-e-type=\"widget\" data-widget_type=\"text-editor.default\">\n\t\t\t\t<div class=\"elementor-widget-container\">\n\t\t\t\t\t\t\t\t\t<p data-start=\"161\" data-end=\"292\">In its simplicity, p\u00e9tanque is all about throwing your balls as close as possible to the small wooden or plastic ball, called <em data-start=\"281\" data-end=\"289\">the pig<\/em>.<\/p><p data-start=\"294\" data-end=\"319\"><strong>The beginning of the game<\/strong><\/p><p data-start=\"320\" data-end=\"521\">You start by standing behind the back line of the court when you throw. Before the game, a draw is made to decide which team goes first. The winner throws out the pig so that it lands well behind the back line.<\/p><p data-start=\"523\" data-end=\"745\">The team then chooses the order in which the players throw. The first player tries to place their ball as close as possible to the pig. Next, the opposing team gets the chance to place a ball closer.<\/p><p data-start=\"747\" data-end=\"763\"><strong>The tour orders<\/strong><\/p><p data-start=\"764\" data-end=\"1010\">As soon as one team has a ball placed closer to the pig than the opponent, the turn passes to the other team. This continues until all balls have been thrown. If a team runs out of balls, the opponent continues playing with the rest of their balls.<\/p><p data-start=\"1012\" data-end=\"1023\"><strong>Point<\/strong><\/p><p data-start=\"1024\" data-end=\"1274\">When all balls have been thrown, the points are counted. Only one team scores in each round: the team with the ball closest to the pig. The number of points corresponds to how many of their balls are closer than their opponent's closest ball.<\/p><p data-start=\"1276\" data-end=\"1467\">The team that scores also gets to throw out the pig in the next round.<br data-start=\"1410\" data-end=\"1413\" \/>The team that first reaches <strong data-start=\"1437\" data-end=\"1449\">13 points<\/strong>, wins the match.<\/p><hr \/><p data-start=\"1474\" data-end=\"1499\"><strong><br \/>Dead bullet and dead pig<\/strong><\/p><ul data-start=\"1501\" data-end=\"2003\"><li data-start=\"1501\" data-end=\"1596\"><p data-start=\"1503\" data-end=\"1596\"><strong data-start=\"1503\" data-end=\"1541\">The pig is hit but stays on the pitch:<\/strong> The game continues with the pig in its new location.<\/p><\/li><li data-start=\"1597\" data-end=\"1726\"><p data-start=\"1599\" data-end=\"1726\"><strong data-start=\"1599\" data-end=\"1627\">Lines, edges and walls:<\/strong> are considered \"dead\". If a ball hits these, it is out of the game (but will return in the next round).<\/p><\/li><li data-start=\"1727\" data-end=\"2003\"><p data-start=\"1729\" data-end=\"1790\"><strong data-start=\"1729\" data-end=\"1769\">The pig dies (e.g. bounces out of the field):<\/strong> The game ends.<\/p><ul data-start=\"1793\" data-end=\"2003\"><li data-start=\"1793\" data-end=\"1905\"><p data-start=\"1795\" data-end=\"1905\">If only one team has balls left, they get points equal to the number of balls they have yet to throw.<\/p><\/li><li data-start=\"1908\" data-end=\"2003\"><p data-start=\"1910\" data-end=\"2003\">If both teams still have balls, no points are awarded and a new round begins immediately.<\/p><\/li><\/ul><\/li><\/ul><p data-start=\"2010\" data-end=\"2027\"><strong>Team division<\/strong><\/p><ul data-start=\"2029\" data-end=\"2181\"><li data-start=\"2029\" data-end=\"2080\"><p data-start=\"2031\" data-end=\"2080\"><strong data-start=\"2031\" data-end=\"2042\">Triple:<\/strong> Three on three, two balls per player.<\/p><\/li><li data-start=\"2081\" data-end=\"2130\"><p data-start=\"2083\" data-end=\"2130\"><strong data-start=\"2083\" data-end=\"2093\">Double:<\/strong> two against two, three balls per player.<\/p><\/li><li data-start=\"2131\" data-end=\"2181\"><p data-start=\"2133\" data-end=\"2181\"><strong data-start=\"2133\" data-end=\"2144\">Single:<\/strong> One on one, three balls per player.<\/p><\/li><\/ul><p>Have a great time!<\/p>\t\t\t\t\t\t\t\t<\/div>\n\t\t\t\t<\/div>\n\t\t\t\t<\/div>\n\t\t\t\t\t<\/div>\n\t\t\t\t<\/div>\n\t\t\t\t<\/div>\n\t\t\t\t<\/div>\n\t\t<div class=\"elementor-element elementor-element-003e5ea e-con-full e-flex e-con e-parent\" data-id=\"003e5ea\" data-element_type=\"container\" data-e-type=\"container\" data-settings=\"{&quot;jet_parallax_layout_list&quot;:[]}\">\n\t\t\t\t<div class=\"elementor-element elementor-element-fc329e7 elementor-widget elementor-widget-image-carousel\" data-id=\"fc329e7\" data-element_type=\"widget\" data-e-type=\"widget\" data-settings=\"{&quot;slides_to_show&quot;:&quot;4&quot;,&quot;slides_to_show_tablet&quot;:&quot;3&quot;,&quot;slides_to_show_mobile&quot;:&quot;2&quot;,&quot;navigation&quot;:&quot;none&quot;,&quot;pause_on_hover&quot;:&quot;no&quot;,&quot;pause_on_interaction&quot;:&quot;no&quot;,&quot;autoplay_speed&quot;:3000,&quot;slides_to_show_widescreen&quot;:&quot;6&quot;,&quot;autoplay&quot;:&quot;yes&quot;,&quot;infinite&quot;:&quot;yes&quot;,&quot;speed&quot;:500}\" data-widget_type=\"image-carousel.default\">\n\t\t\t\t<div class=\"elementor-widget-container\">\n\t\t\t\t\t\t\t<div class=\"elementor-image-carousel-wrapper swiper\" role=\"region\" aria-roledescription=\"carousel\" aria-label=\"Image Carousel\" dir=\"ltr\">\n\t\t\t<div class=\"elementor-image-carousel swiper-wrapper\" aria-live=\"off\">\n\t\t\t\t\t\t\t\t<div class=\"swiper-slide\" role=\"group\" aria-roledescription=\"slide\" aria-label=\"1 of 8\" data-no-translation-aria-label=\"\"><a data-elementor-open-lightbox=\"yes\" data-elementor-lightbox-slideshow=\"fc329e7\" data-e-action-hash=\"#elementor-action%3Aaction%3Dlightbox%26settings%3DeyJpZCI6ODQ2OCwidXJsIjoiaHR0cHM6XC9cL2d1ZGVuYWFjYW1waW5nLmRrXC93cC1jb250ZW50XC91cGxvYWRzXC8yMDI1XC8wOVwvQzJBMzE3OC0yLTcyLWRwaS0xLXNjYWxlZC5qcGciLCJzbGlkZXNob3ciOiJmYzMyOWU3In0%3D\" href=\"https:\/\/gudenaacamping.dk\/wp-content\/uploads\/2025\/09\/C2A3178-2-72-dpi-1-scaled.jpg\"><figure class=\"swiper-slide-inner\"><img decoding=\"async\" class=\"swiper-slide-image\" src=\"https:\/\/gudenaacamping.dk\/wp-content\/uploads\/2025\/09\/C2A3178-2-72-dpi-1-scaled.jpg\" alt=\"\" \/><\/figure><\/a><\/div><div class=\"swiper-slide\" role=\"group\" aria-roledescription=\"slide\" aria-label=\"2 of 8\" data-no-translation-aria-label=\"\"><a data-elementor-open-lightbox=\"yes\" data-elementor-lightbox-slideshow=\"fc329e7\" data-elementor-lightbox-title=\"IMG_7390\" data-e-action-hash=\"#elementor-action%3Aaction%3Dlightbox%26settings%3DeyJpZCI6ODYxNiwidXJsIjoiaHR0cHM6XC9cL2d1ZGVuYWFjYW1waW5nLmRrXC93cC1jb250ZW50XC91cGxvYWRzXC8yMDI1XC8wOVwvSU1HXzczOTAtc2NhbGVkLmpwZyIsInNsaWRlc2hvdyI6ImZjMzI5ZTcifQ%3D%3D\" href=\"https:\/\/gudenaacamping.dk\/wp-content\/uploads\/2025\/09\/IMG_7390-scaled.jpg\"><figure class=\"swiper-slide-inner\"><img decoding=\"async\" class=\"swiper-slide-image\" src=\"https:\/\/gudenaacamping.dk\/wp-content\/uploads\/2025\/09\/IMG_7390-scaled.jpg\" alt=\"IMG_7390\" \/><\/figure><\/a><\/div><div class=\"swiper-slide\" role=\"group\" aria-roledescription=\"slide\" aria-label=\"3 of 8\" data-no-translation-aria-label=\"\"><a data-elementor-open-lightbox=\"yes\" data-elementor-lightbox-slideshow=\"fc329e7\" data-e-action-hash=\"#elementor-action%3Aaction%3Dlightbox%26settings%3DeyJpZCI6ODUyNywidXJsIjoiaHR0cHM6XC9cL2d1ZGVuYWFjYW1waW5nLmRrXC93cC1jb250ZW50XC91cGxvYWRzXC8yMDI1XC8wOVwvQzJBMzE3My0yLTcyLWRwaS1zY2FsZWQtZTE3NTczMjQ5NTk5OTAuanBnIiwic2xpZGVzaG93IjoiZmMzMjllNyJ9\" href=\"https:\/\/gudenaacamping.dk\/wp-content\/uploads\/2025\/09\/C2A3173-2-72-dpi-scaled-e1757324959990.jpg\"><figure class=\"swiper-slide-inner\"><img decoding=\"async\" class=\"swiper-slide-image\" src=\"https:\/\/gudenaacamping.dk\/wp-content\/uploads\/2025\/09\/C2A3173-2-72-dpi-scaled-e1757324959990.jpg\" alt=\"\" \/><\/figure><\/a><\/div><div class=\"swiper-slide\" role=\"group\" aria-roledescription=\"slide\" aria-label=\"4 of 8\" data-no-translation-aria-label=\"\"><a data-elementor-open-lightbox=\"yes\" data-elementor-lightbox-slideshow=\"fc329e7\" data-elementor-lightbox-title=\"Legeplads ved Guden\u00e5en\" data-e-action-hash=\"#elementor-action%3Aaction%3Dlightbox%26settings%3DeyJpZCI6ODM3OCwidXJsIjoiaHR0cHM6XC9cL2d1ZGVuYWFjYW1waW5nLmRrXC93cC1jb250ZW50XC91cGxvYWRzXC8yMDI1XC8wOVwvQzJBMzExMC0yLTcyLWRwaS1zY2FsZWQuanBnIiwic2xpZGVzaG93IjoiZmMzMjllNyJ9\" href=\"https:\/\/gudenaacamping.dk\/wp-content\/uploads\/2025\/09\/C2A3110-2-72-dpi-scaled.jpg\"><figure class=\"swiper-slide-inner\"><img decoding=\"async\" class=\"swiper-slide-image\" src=\"https:\/\/gudenaacamping.dk\/wp-content\/uploads\/2025\/09\/C2A3110-2-72-dpi-scaled.jpg\" alt=\"Playground by Guden\u00e5en\" \/><\/figure><\/a><\/div><div class=\"swiper-slide\" role=\"group\" aria-roledescription=\"slide\" aria-label=\"5 of 8\" data-no-translation-aria-label=\"\"><a data-elementor-open-lightbox=\"yes\" data-elementor-lightbox-slideshow=\"fc329e7\" data-elementor-lightbox-title=\"Camping ved Guden\u00e5en\" data-e-action-hash=\"#elementor-action%3Aaction%3Dlightbox%26settings%3DeyJpZCI6ODI5OCwidXJsIjoiaHR0cHM6XC9cL2d1ZGVuYWFjYW1waW5nLmRrXC93cC1jb250ZW50XC91cGxvYWRzXC8yMDI1XC8wOVwvQzJBMzEwMC0yLTcyLWRwaS1zY2FsZWQuanBnIiwic2xpZGVzaG93IjoiZmMzMjllNyJ9\" href=\"https:\/\/gudenaacamping.dk\/wp-content\/uploads\/2025\/09\/C2A3100-2-72-dpi-scaled.jpg\"><figure class=\"swiper-slide-inner\"><img decoding=\"async\" class=\"swiper-slide-image\" src=\"https:\/\/gudenaacamping.dk\/wp-content\/uploads\/2025\/09\/C2A3100-2-72-dpi-scaled.jpg\" alt=\"Camping by Guden\u00e5en\" \/><\/figure><\/a><\/div><div class=\"swiper-slide\" role=\"group\" aria-roledescription=\"slide\" aria-label=\"6 of 8\" data-no-translation-aria-label=\"\"><a data-elementor-open-lightbox=\"yes\" data-elementor-lightbox-slideshow=\"fc329e7\" data-e-action-hash=\"#elementor-action%3Aaction%3Dlightbox%26settings%3DeyJpZCI6ODI2NSwidXJsIjoiaHR0cHM6XC9cL2d1ZGVuYWFjYW1waW5nLmRrXC93cC1jb250ZW50XC91cGxvYWRzXC8yMDI1XC8wOVwvQzJBMzA4Mi0yLTcyLWRwaS0xLXNjYWxlZC5qcGciLCJzbGlkZXNob3ciOiJmYzMyOWU3In0%3D\" href=\"https:\/\/gudenaacamping.dk\/wp-content\/uploads\/2025\/09\/C2A3082-2-72-dpi-1-scaled.jpg\"><figure class=\"swiper-slide-inner\"><img decoding=\"async\" class=\"swiper-slide-image\" src=\"https:\/\/gudenaacamping.dk\/wp-content\/uploads\/2025\/09\/C2A3082-2-72-dpi-1-scaled.jpg\" alt=\"\" \/><\/figure><\/a><\/div><div class=\"swiper-slide\" role=\"group\" aria-roledescription=\"slide\" aria-label=\"7 of 8\" data-no-translation-aria-label=\"\"><a data-elementor-open-lightbox=\"yes\" data-elementor-lightbox-slideshow=\"fc329e7\" data-elementor-lightbox-title=\"Minigolf\" data-e-action-hash=\"#elementor-action%3Aaction%3Dlightbox%26settings%3DeyJpZCI6ODEyOCwidXJsIjoiaHR0cHM6XC9cL2d1ZGVuYWFjYW1waW5nLmRrXC93cC1jb250ZW50XC91cGxvYWRzXC8yMDI1XC8wOFwvSU1HXzY2Njgtc2NhbGVkLmpwZyIsInNsaWRlc2hvdyI6ImZjMzI5ZTcifQ%3D%3D\" href=\"https:\/\/gudenaacamping.dk\/wp-content\/uploads\/2025\/08\/IMG_6668-scaled.jpg\"><figure class=\"swiper-slide-inner\"><img decoding=\"async\" class=\"swiper-slide-image\" src=\"https:\/\/gudenaacamping.dk\/wp-content\/uploads\/2025\/08\/IMG_6668-scaled.jpg\" alt=\"Mini golf\" \/><\/figure><\/a><\/div><div class=\"swiper-slide\" role=\"group\" aria-roledescription=\"slide\" aria-label=\"8 of 8\" data-no-translation-aria-label=\"\"><a data-elementor-open-lightbox=\"yes\" data-elementor-lightbox-slideshow=\"fc329e7\" data-elementor-lightbox-title=\"Is ved Guden\u00e5en\" data-e-action-hash=\"#elementor-action%3Aaction%3Dlightbox%26settings%3DeyJpZCI6ODEwNywidXJsIjoiaHR0cHM6XC9cL2d1ZGVuYWFjYW1waW5nLmRrXC93cC1jb250ZW50XC91cGxvYWRzXC8yMDI1XC8wOFwvSU1HXzY3NzRfY3JvcHBlZC1zY2FsZWQuanBnIiwic2xpZGVzaG93IjoiZmMzMjllNyJ9\" href=\"https:\/\/gudenaacamping.dk\/wp-content\/uploads\/2025\/08\/IMG_6774_cropped-scaled.jpg\"><figure class=\"swiper-slide-inner\"><img decoding=\"async\" class=\"swiper-slide-image\" src=\"https:\/\/gudenaacamping.dk\/wp-content\/uploads\/2025\/08\/IMG_6774_cropped-scaled.jpg\" alt=\"Ice at Guden\u00e5en\" \/><\/figure><\/a><\/div>\t\t\t<\/div>\n\t\t\t\t\t\t\t\n\t\t\t\t\t\t\t\t\t<\/div>\n\t\t\t\t\t\t<\/div>\n\t\t\t\t<\/div>\n\t\t\t\t<\/div>\n\t\t\t\t<\/div>","protected":false},"excerpt":{"rendered":"<p>Oplevelser Indtag petanque-banen til dyst Der er intet som en dyst i petanque, som kan spolere familiefreden. Diskussion om afstande og point kan kr\u00e6ve fredsm\u00e6gler. Men det er alt for hyggeligt og sjovt til at lade v\u00e6re.\u00a0 Fitness Pilates Ball Streamline Icon: https:\/\/streamlinehq.com P\u00c9TANQUE \u2013 DE GRUNDL\u00c6GGENDE REGLER P\u00e9tanque g\u00e5r i al sin enkelthed ud [&hellip;]<\/p>\n","protected":false},"author":1,"featured_media":0,"parent":7109,"menu_order":0,"comment_status":"closed","ping_status":"closed","template":"","meta":{"_seopress_robots_primary_cat":"","_seopress_titles_title":"","_seopress_titles_desc":"","_seopress_robots_index":"","inline_featured_image":false,"footnotes":""},"class_list":["post-7001","page","type-page","status-publish","hentry"],"_links":{"self":[{"href":"https:\/\/gudenaacamping.dk\/en\/wp-json\/wp\/v2\/pages\/7001","targetHints":{"allow":["GET"]}}],"collection":[{"href":"https:\/\/gudenaacamping.dk\/en\/wp-json\/wp\/v2\/pages"}],"about":[{"href":"https:\/\/gudenaacamping.dk\/en\/wp-json\/wp\/v2\/types\/page"}],"author":[{"embeddable":true,"href":"https:\/\/gudenaacamping.dk\/en\/wp-json\/wp\/v2\/users\/1"}],"replies":[{"embeddable":true,"href":"https:\/\/gudenaacamping.dk\/en\/wp-json\/wp\/v2\/comments?post=7001"}],"version-history":[{"count":31,"href":"https:\/\/gudenaacamping.dk\/en\/wp-json\/wp\/v2\/pages\/7001\/revisions"}],"predecessor-version":[{"id":8625,"href":"https:\/\/gudenaacamping.dk\/en\/wp-json\/wp\/v2\/pages\/7001\/revisions\/8625"}],"up":[{"embeddable":true,"href":"https:\/\/gudenaacamping.dk\/en\/wp-json\/wp\/v2\/pages\/7109"}],"wp:attachment":[{"href":"https:\/\/gudenaacamping.dk\/en\/wp-json\/wp\/v2\/media?parent=7001"}],"curies":[{"name":"wp","href":"https:\/\/api.w.org\/{rel}","templated":true}]}}