{"id":7470,"date":"2025-05-23T11:27:49","date_gmt":"2025-05-23T09:27:49","guid":{"rendered":"https:\/\/gudenaacamping.dk\/?page_id=7470"},"modified":"2025-09-08T10:21:42","modified_gmt":"2025-09-08T08:21:42","slug":"rooms","status":"publish","type":"page","link":"https:\/\/gudenaacamping.dk\/en\/overnatning\/vaerelser\/","title":{"rendered":"Rooms"},"content":{"rendered":"<div data-elementor-type=\"wp-page\" data-elementor-id=\"7470\" class=\"elementor elementor-7470\" data-elementor-post-type=\"page\">\n\t\t\t\t<div class=\"elementor-element elementor-element-5cb0d43 e-flex e-con-boxed e-con e-parent\" data-id=\"5cb0d43\" data-element_type=\"container\" data-e-type=\"container\" data-settings=\"{&quot;background_background&quot;:&quot;classic&quot;,&quot;jet_parallax_layout_list&quot;:[]}\">\n\t\t\t\t\t<div class=\"e-con-inner\">\n\t\t<div class=\"elementor-element elementor-element-83e2911 e-con-full e-flex e-con e-child\" data-id=\"83e2911\" data-element_type=\"container\" data-e-type=\"container\" data-settings=\"{&quot;jet_parallax_layout_list&quot;:[]}\">\n\t\t\t\t<div class=\"elementor-element elementor-element-e6218d5 elementor-widget elementor-widget-template\" data-id=\"e6218d5\" data-element_type=\"widget\" data-e-type=\"widget\" data-widget_type=\"template.default\">\n\t\t\t\t<div class=\"elementor-widget-container\">\n\t\t\t\t\t\t\t<div class=\"elementor-template\">\n\t\t\t\t\t<div data-elementor-type=\"container\" data-elementor-id=\"6792\" class=\"elementor elementor-6792\" data-elementor-post-type=\"elementor_library\">\n\t\t\t\t<div class=\"elementor-element elementor-element-20c84c4a e-con-full e-flex e-con e-child\" data-id=\"20c84c4a\" data-element_type=\"container\" data-e-type=\"container\" data-settings=\"{&quot;jet_parallax_layout_list&quot;:[]}\">\n\t\t\t\t<div class=\"elementor-element elementor-element-63533cdc elementor-align-center elementor-widget elementor-widget-button\" data-id=\"63533cdc\" data-element_type=\"widget\" data-e-type=\"widget\" data-widget_type=\"button.default\">\n\t\t\t\t<div class=\"elementor-widget-container\">\n\t\t\t\t\t\t\t\t\t<div class=\"elementor-button-wrapper\">\n\t\t\t\t\t<a class=\"elementor-button elementor-button-link elementor-size-sm\" href=\"https:\/\/v3.onlinebooking.dk\/v3gudenaa\" target=\"_blank\">\n\t\t\t\t\t\t<span class=\"elementor-button-content-wrapper\">\n\t\t\t\t\t\t\t\t\t<span class=\"elementor-button-text\">Book your holiday<\/span>\n\t\t\t\t\t<\/span>\n\t\t\t\t\t<\/a>\n\t\t\t\t<\/div>\n\t\t\t\t\t\t\t\t<\/div>\n\t\t\t\t<\/div>\n\t\t\t\t<\/div>\n\t\t\t\t<\/div>\n\t\t\t\t<\/div>\n\t\t\t\t\t\t<\/div>\n\t\t\t\t<\/div>\n\t\t\t\t<\/div>\n\t\t\t\t\t<\/div>\n\t\t\t\t<\/div>\n\t\t<div class=\"elementor-element elementor-element-f705895 e-flex e-con-boxed e-con e-parent\" data-id=\"f705895\" data-element_type=\"container\" data-e-type=\"container\" data-settings=\"{&quot;jet_parallax_layout_list&quot;:[],&quot;background_background&quot;:&quot;classic&quot;}\">\n\t\t\t\t\t<div class=\"e-con-inner\">\n\t\t\t\t<div class=\"elementor-element elementor-element-5e19b2a elementor-widget elementor-widget-heading\" data-id=\"5e19b2a\" data-element_type=\"widget\" data-e-type=\"widget\" data-widget_type=\"heading.default\">\n\t\t\t\t<div class=\"elementor-widget-container\">\n\t\t\t\t\t<p class=\"elementor-heading-title elementor-size-default\">Accommodation<\/p>\t\t\t\t<\/div>\n\t\t\t\t<\/div>\n\t\t\t\t<div class=\"elementor-element elementor-element-37f1dd3 elementor-widget elementor-widget-heading\" data-id=\"37f1dd3\" data-element_type=\"widget\" data-e-type=\"widget\" data-widget_type=\"heading.default\">\n\t\t\t\t<div class=\"elementor-widget-container\">\n\t\t\t\t\t<h2 class=\"elementor-heading-title elementor-size-default\">Cosy rooms<\/h2>\t\t\t\t<\/div>\n\t\t\t\t<\/div>\n\t\t\t\t<div class=\"elementor-element elementor-element-23d9031 elementor-widget elementor-widget-text-editor\" data-id=\"23d9031\" data-element_type=\"widget\" data-e-type=\"widget\" data-widget_type=\"text-editor.default\">\n\t\t\t\t<div class=\"elementor-widget-container\">\n\t\t\t\t\t\t\t\t\t<p>For ease and convenience, our bright, newly refurbished double rooms are a good solution.<\/p><p>We are continuously renewing our accommodation offers so that you can get a great night's sleep in comfortable surroundings.<\/p>\t\t\t\t\t\t\t\t<\/div>\n\t\t\t\t<\/div>\n\t\t\t\t\t<\/div>\n\t\t\t\t<\/div>\n\t\t<div class=\"elementor-element elementor-element-94250c4 e-con-full e-flex e-con e-parent\" data-id=\"94250c4\" data-element_type=\"container\" data-e-type=\"container\" data-settings=\"{&quot;jet_parallax_layout_list&quot;:[]}\">\n\t\t<div class=\"elementor-element elementor-element-b70408c e-con-full e-flex e-con e-child\" data-id=\"b70408c\" data-element_type=\"container\" data-e-type=\"container\" data-settings=\"{&quot;background_background&quot;:&quot;classic&quot;,&quot;jet_parallax_layout_list&quot;:[]}\">\n\t\t\t\t<div class=\"elementor-element elementor-element-ae63252 elementor-widget elementor-widget-image\" data-id=\"ae63252\" data-element_type=\"widget\" data-e-type=\"widget\" data-widget_type=\"image.default\">\n\t\t\t\t<div class=\"elementor-widget-container\">\n\t\t\t\t\t\t\t\t\t\t\t\t\t\t\t<img alt=\"\" fetchpriority=\"high\" decoding=\"async\" width=\"800\" height=\"600\" src=\"https:\/\/gudenaacamping.dk\/wp-content\/uploads\/2025\/09\/IMG_7211-1024x768.jpg\" class=\"attachment-large size-large wp-image-8342\" srcset=\"https:\/\/gudenaacamping.dk\/wp-content\/uploads\/2025\/09\/IMG_7211-1024x768.jpg 1024w, https:\/\/gudenaacamping.dk\/wp-content\/uploads\/2025\/09\/IMG_7211-300x225.jpg 300w, https:\/\/gudenaacamping.dk\/wp-content\/uploads\/2025\/09\/IMG_7211-768x576.jpg 768w, https:\/\/gudenaacamping.dk\/wp-content\/uploads\/2025\/09\/IMG_7211-1536x1152.jpg 1536w, https:\/\/gudenaacamping.dk\/wp-content\/uploads\/2025\/09\/IMG_7211-2048x1536.jpg 2048w, https:\/\/gudenaacamping.dk\/wp-content\/uploads\/2025\/09\/IMG_7211-16x12.jpg 16w\" sizes=\"(max-width: 800px) 100vw, 800px\" \/>\t\t\t\t\t\t\t\t\t\t\t\t\t\t\t<\/div>\n\t\t\t\t<\/div>\n\t\t\t\t<div class=\"elementor-element elementor-element-cf797eb elementor-widget elementor-widget-image\" data-id=\"cf797eb\" data-element_type=\"widget\" data-e-type=\"widget\" data-widget_type=\"image.default\">\n\t\t\t\t<div class=\"elementor-widget-container\">\n\t\t\t\t\t\t\t\t\t\t\t\t\t\t\t<img alt=\"\" decoding=\"async\" width=\"768\" height=\"793\" src=\"https:\/\/gudenaacamping.dk\/wp-content\/uploads\/2025\/09\/IMG_7214-scaled-e1757318458319-768x793.jpg\" class=\"attachment-medium_large size-medium_large wp-image-8454\" srcset=\"https:\/\/gudenaacamping.dk\/wp-content\/uploads\/2025\/09\/IMG_7214-scaled-e1757318458319-768x793.jpg 768w, https:\/\/gudenaacamping.dk\/wp-content\/uploads\/2025\/09\/IMG_7214-scaled-e1757318458319-291x300.jpg 291w, https:\/\/gudenaacamping.dk\/wp-content\/uploads\/2025\/09\/IMG_7214-scaled-e1757318458319-992x1024.jpg 992w, https:\/\/gudenaacamping.dk\/wp-content\/uploads\/2025\/09\/IMG_7214-scaled-e1757318458319-1488x1536.jpg 1488w, https:\/\/gudenaacamping.dk\/wp-content\/uploads\/2025\/09\/IMG_7214-scaled-e1757318458319-12x12.jpg 12w, https:\/\/gudenaacamping.dk\/wp-content\/uploads\/2025\/09\/IMG_7214-scaled-e1757318458319.jpg 1920w\" sizes=\"(max-width: 768px) 100vw, 768px\" \/>\t\t\t\t\t\t\t\t\t\t\t\t\t\t\t<\/div>\n\t\t\t\t<\/div>\n\t\t\t\t<\/div>\n\t\t<div class=\"elementor-element elementor-element-1e53e87 e-con-full e-flex e-con e-child\" data-id=\"1e53e87\" data-element_type=\"container\" data-e-type=\"container\" data-settings=\"{&quot;jet_parallax_layout_list&quot;:[],&quot;background_background&quot;:&quot;classic&quot;}\">\n\t\t<div class=\"elementor-element elementor-element-46213dd e-flex e-con-boxed e-con e-child\" data-id=\"46213dd\" data-element_type=\"container\" data-e-type=\"container\" data-settings=\"{&quot;jet_parallax_layout_list&quot;:[]}\">\n\t\t\t\t\t<div class=\"e-con-inner\">\n\t\t\t\t<div class=\"elementor-element elementor-element-3e7f34b elementor-view-stacked elementor-shape-circle elementor-widget elementor-widget-icon\" data-id=\"3e7f34b\" data-element_type=\"widget\" data-e-type=\"widget\" data-widget_type=\"icon.default\">\n\t\t\t\t<div class=\"elementor-widget-container\">\n\t\t\t\t\t\t\t<div class=\"elementor-icon-wrapper\">\n\t\t\t<div class=\"elementor-icon\">\n\t\t\t<i aria-hidden=\"true\" class=\"fas fa-bed\"><\/i>\t\t\t<\/div>\n\t\t<\/div>\n\t\t\t\t\t\t<\/div>\n\t\t\t\t<\/div>\n\t\t\t\t<div class=\"elementor-element elementor-element-4215c93 elementor-widget elementor-widget-heading\" data-id=\"4215c93\" data-element_type=\"widget\" data-e-type=\"widget\" data-widget_type=\"heading.default\">\n\t\t\t\t<div class=\"elementor-widget-container\">\n\t\t\t\t\t<h2 class=\"elementor-heading-title elementor-size-default\">Double rooms in quiet surroundings<\/h2>\t\t\t\t<\/div>\n\t\t\t\t<\/div>\n\t\t\t\t<div class=\"elementor-element elementor-element-10aa9b4 elementor-widget elementor-widget-text-editor\" data-id=\"10aa9b4\" data-element_type=\"widget\" data-e-type=\"widget\" data-widget_type=\"text-editor.default\">\n\t\t\t\t<div class=\"elementor-widget-container\">\n\t\t\t\t\t\t\t\t\t<section class=\"av_textblock_section\"><div class=\"avia_textblock\"><p><strong>Our cosy rooms have private bathrooms and are equipped with:<\/strong><\/p><ul><li>Duvets and pillows<\/li><li>Comfortable bed (two single beds as a double bed)<\/li><li>Mini fridge and electric kettle<\/li><li>Plates\/cutlery box available for lending<\/li><li>TV<\/li><li>Linen pack with towel<\/li><li>Small seating area<\/li><\/ul><p>In front of the rooms there is a small terrace surrounded by beech hedges, with a caf\u00e9 table and chairs.<\/p><p>A maximum of 2 people are allowed in the room, including babies and children.<\/p><p>Parking is available right outside.<\/p><p>Hot food cannot be prepared in the rooms, but the campsite's communal kitchens are free to use. We have extra frying pans and pots that can be borrowed.<\/p><\/div><\/section>\t\t\t\t\t\t\t\t<\/div>\n\t\t\t\t<\/div>\n\t\t\t\t\t<\/div>\n\t\t\t\t<\/div>\n\t\t<div class=\"elementor-element elementor-element-03fbe6f e-con-full e-grid e-con e-child\" data-id=\"03fbe6f\" data-element_type=\"container\" data-e-type=\"container\" data-settings=\"{&quot;jet_parallax_layout_list&quot;:[]}\">\n\t\t\t\t<div class=\"elementor-element elementor-element-cc42e2f elementor-widget elementor-widget-template\" data-id=\"cc42e2f\" data-element_type=\"widget\" data-e-type=\"widget\" data-widget_type=\"template.default\">\n\t\t\t\t<div class=\"elementor-widget-container\">\n\t\t\t\t\t\t\t<div class=\"elementor-template\">\n\t\t\t\t\t<div data-elementor-type=\"container\" data-elementor-id=\"6824\" class=\"elementor elementor-6824\" data-elementor-post-type=\"elementor_library\">\n\t\t\t\t<div class=\"elementor-element elementor-element-4c23a607 e-con-full e-flex e-con e-child\" data-id=\"4c23a607\" data-element_type=\"container\" data-e-type=\"container\" data-settings=\"{&quot;jet_parallax_layout_list&quot;:[]}\">\n\t\t\t\t<div class=\"elementor-element elementor-element-362593ce elementor-align-center elementor-widget elementor-widget-button\" data-id=\"362593ce\" data-element_type=\"widget\" data-e-type=\"widget\" data-widget_type=\"button.default\">\n\t\t\t\t<div class=\"elementor-widget-container\">\n\t\t\t\t\t\t\t\t\t<div class=\"elementor-button-wrapper\">\n\t\t\t\t\t<a class=\"elementor-button elementor-button-link elementor-size-sm\" href=\"https:\/\/v3.onlinebooking.dk\/v3gudenaa\" target=\"_blank\">\n\t\t\t\t\t\t<span class=\"elementor-button-content-wrapper\">\n\t\t\t\t\t\t\t\t\t<span class=\"elementor-button-text\">Booking<\/span>\n\t\t\t\t\t<\/span>\n\t\t\t\t\t<\/a>\n\t\t\t\t<\/div>\n\t\t\t\t\t\t\t\t<\/div>\n\t\t\t\t<\/div>\n\t\t\t\t<\/div>\n\t\t\t\t<\/div>\n\t\t\t\t<\/div>\n\t\t\t\t\t\t<\/div>\n\t\t\t\t<\/div>\n\t\t\t\t<div class=\"elementor-element elementor-element-c8de13a elementor-align-left elementor-widget elementor-widget-button\" data-id=\"c8de13a\" data-element_type=\"widget\" data-e-type=\"widget\" data-widget_type=\"button.default\">\n\t\t\t\t<div class=\"elementor-widget-container\">\n\t\t\t\t\t\t\t\t\t<div class=\"elementor-button-wrapper\">\n\t\t\t\t\t<a class=\"elementor-button elementor-button-link elementor-size-sm\" href=\"https:\/\/gudenaacamping.dk\/en\/prices\/\">\n\t\t\t\t\t\t<span class=\"elementor-button-content-wrapper\">\n\t\t\t\t\t\t\t\t\t<span class=\"elementor-button-text\">Prices<\/span>\n\t\t\t\t\t<\/span>\n\t\t\t\t\t<\/a>\n\t\t\t\t<\/div>\n\t\t\t\t\t\t\t\t<\/div>\n\t\t\t\t<\/div>\n\t\t\t\t<\/div>\n\t\t\t\t<\/div>\n\t\t\t\t<\/div>\n\t\t<div class=\"elementor-element elementor-element-1201fa9 e-con-full e-flex e-con e-parent\" data-id=\"1201fa9\" data-element_type=\"container\" data-e-type=\"container\" data-settings=\"{&quot;jet_parallax_layout_list&quot;:[]}\">\n\t\t\t\t<div class=\"elementor-element elementor-element-03b4298 elementor-widget elementor-widget-image-carousel\" data-id=\"03b4298\" data-element_type=\"widget\" data-e-type=\"widget\" data-settings=\"{&quot;slides_to_show&quot;:&quot;4&quot;,&quot;slides_to_show_tablet&quot;:&quot;3&quot;,&quot;slides_to_show_mobile&quot;:&quot;2&quot;,&quot;navigation&quot;:&quot;none&quot;,&quot;pause_on_hover&quot;:&quot;no&quot;,&quot;pause_on_interaction&quot;:&quot;no&quot;,&quot;autoplay_speed&quot;:3000,&quot;slides_to_show_widescreen&quot;:&quot;6&quot;,&quot;autoplay&quot;:&quot;yes&quot;,&quot;infinite&quot;:&quot;yes&quot;,&quot;speed&quot;:500}\" data-widget_type=\"image-carousel.default\">\n\t\t\t\t<div class=\"elementor-widget-container\">\n\t\t\t\t\t\t\t<div class=\"elementor-image-carousel-wrapper swiper\" role=\"region\" aria-roledescription=\"carousel\" aria-label=\"Image Carousel\" dir=\"ltr\">\n\t\t\t<div class=\"elementor-image-carousel swiper-wrapper\" aria-live=\"off\">\n\t\t\t\t\t\t\t\t<div class=\"swiper-slide\" role=\"group\" aria-roledescription=\"slide\" aria-label=\"1 of 8\" data-no-translation-aria-label=\"\"><a data-elementor-open-lightbox=\"yes\" data-elementor-lightbox-slideshow=\"03b4298\" data-e-action-hash=\"#elementor-action%3Aaction%3Dlightbox%26settings%3DeyJpZCI6ODQ1NSwidXJsIjoiaHR0cHM6XC9cL2d1ZGVuYWFjYW1waW5nLmRrXC93cC1jb250ZW50XC91cGxvYWRzXC8yMDI1XC8wOVwvSU1HXzcyMTAtc2NhbGVkLmpwZyIsInNsaWRlc2hvdyI6IjAzYjQyOTgifQ%3D%3D\" href=\"https:\/\/gudenaacamping.dk\/wp-content\/uploads\/2025\/09\/IMG_7210-scaled.jpg\"><figure class=\"swiper-slide-inner\"><img decoding=\"async\" class=\"swiper-slide-image\" src=\"https:\/\/gudenaacamping.dk\/wp-content\/uploads\/2025\/09\/IMG_7210-scaled.jpg\" alt=\"\" \/><\/figure><\/a><\/div><div class=\"swiper-slide\" role=\"group\" aria-roledescription=\"slide\" aria-label=\"2 of 8\" data-no-translation-aria-label=\"\"><a data-elementor-open-lightbox=\"yes\" data-elementor-lightbox-slideshow=\"03b4298\" data-e-action-hash=\"#elementor-action%3Aaction%3Dlightbox%26settings%3DeyJpZCI6ODQ1NiwidXJsIjoiaHR0cHM6XC9cL2d1ZGVuYWFjYW1waW5nLmRrXC93cC1jb250ZW50XC91cGxvYWRzXC8yMDI1XC8wOVwvSU1HXzcyMTItc2NhbGVkLmpwZyIsInNsaWRlc2hvdyI6IjAzYjQyOTgifQ%3D%3D\" href=\"https:\/\/gudenaacamping.dk\/wp-content\/uploads\/2025\/09\/IMG_7212-scaled.jpg\"><figure class=\"swiper-slide-inner\"><img decoding=\"async\" class=\"swiper-slide-image\" src=\"https:\/\/gudenaacamping.dk\/wp-content\/uploads\/2025\/09\/IMG_7212-scaled.jpg\" alt=\"\" \/><\/figure><\/a><\/div><div class=\"swiper-slide\" role=\"group\" aria-roledescription=\"slide\" aria-label=\"3 of 8\" data-no-translation-aria-label=\"\"><a data-elementor-open-lightbox=\"yes\" data-elementor-lightbox-slideshow=\"03b4298\" data-e-action-hash=\"#elementor-action%3Aaction%3Dlightbox%26settings%3DeyJpZCI6ODQ2MCwidXJsIjoiaHR0cHM6XC9cL2d1ZGVuYWFjYW1waW5nLmRrXC93cC1jb250ZW50XC91cGxvYWRzXC8yMDI1XC8wOVwvSU1HXzcyMTUtc2NhbGVkLmpwZyIsInNsaWRlc2hvdyI6IjAzYjQyOTgifQ%3D%3D\" href=\"https:\/\/gudenaacamping.dk\/wp-content\/uploads\/2025\/09\/IMG_7215-scaled.jpg\"><figure class=\"swiper-slide-inner\"><img decoding=\"async\" class=\"swiper-slide-image\" src=\"https:\/\/gudenaacamping.dk\/wp-content\/uploads\/2025\/09\/IMG_7215-scaled.jpg\" alt=\"\" \/><\/figure><\/a><\/div><div class=\"swiper-slide\" role=\"group\" aria-roledescription=\"slide\" aria-label=\"4 of 8\" data-no-translation-aria-label=\"\"><a data-elementor-open-lightbox=\"yes\" data-elementor-lightbox-slideshow=\"03b4298\" data-elementor-lightbox-title=\"V\u00e6relser ved guden\u00e5en\" data-e-action-hash=\"#elementor-action%3Aaction%3Dlightbox%26settings%3DeyJpZCI6ODM0MiwidXJsIjoiaHR0cHM6XC9cL2d1ZGVuYWFjYW1waW5nLmRrXC93cC1jb250ZW50XC91cGxvYWRzXC8yMDI1XC8wOVwvSU1HXzcyMTEtc2NhbGVkLmpwZyIsInNsaWRlc2hvdyI6IjAzYjQyOTgifQ%3D%3D\" href=\"https:\/\/gudenaacamping.dk\/wp-content\/uploads\/2025\/09\/IMG_7211-scaled.jpg\"><figure class=\"swiper-slide-inner\"><img decoding=\"async\" class=\"swiper-slide-image\" src=\"https:\/\/gudenaacamping.dk\/wp-content\/uploads\/2025\/09\/IMG_7211-scaled.jpg\" alt=\"Rooms by the river Guden\u00e5en\" \/><\/figure><\/a><\/div><div class=\"swiper-slide\" role=\"group\" aria-roledescription=\"slide\" aria-label=\"5 of 8\" data-no-translation-aria-label=\"\"><a data-elementor-open-lightbox=\"yes\" data-elementor-lightbox-slideshow=\"03b4298\" data-e-action-hash=\"#elementor-action%3Aaction%3Dlightbox%26settings%3DeyJpZCI6ODQ2NywidXJsIjoiaHR0cHM6XC9cL2d1ZGVuYWFjYW1waW5nLmRrXC93cC1jb250ZW50XC91cGxvYWRzXC8yMDI1XC8wOVwvSU1HXzcyMTMtMS1zY2FsZWQuanBnIiwic2xpZGVzaG93IjoiMDNiNDI5OCJ9\" href=\"https:\/\/gudenaacamping.dk\/wp-content\/uploads\/2025\/09\/IMG_7213-1-scaled.jpg\"><figure class=\"swiper-slide-inner\"><img decoding=\"async\" class=\"swiper-slide-image\" src=\"https:\/\/gudenaacamping.dk\/wp-content\/uploads\/2025\/09\/IMG_7213-1-scaled.jpg\" alt=\"\" \/><\/figure><\/a><\/div><div class=\"swiper-slide\" role=\"group\" aria-roledescription=\"slide\" aria-label=\"6 of 8\" data-no-translation-aria-label=\"\"><a data-elementor-open-lightbox=\"yes\" data-elementor-lightbox-slideshow=\"03b4298\" data-e-action-hash=\"#elementor-action%3Aaction%3Dlightbox%26settings%3DeyJpZCI6ODM3NCwidXJsIjoiaHR0cHM6XC9cL2d1ZGVuYWFjYW1waW5nLmRrXC93cC1jb250ZW50XC91cGxvYWRzXC8yMDI1XC8wOVwvSU1HXzczMjMtc2NhbGVkLmpwZyIsInNsaWRlc2hvdyI6IjAzYjQyOTgifQ%3D%3D\" href=\"https:\/\/gudenaacamping.dk\/wp-content\/uploads\/2025\/09\/IMG_7323-scaled.jpg\"><figure class=\"swiper-slide-inner\"><img decoding=\"async\" class=\"swiper-slide-image\" src=\"https:\/\/gudenaacamping.dk\/wp-content\/uploads\/2025\/09\/IMG_7323-scaled.jpg\" alt=\"\" \/><\/figure><\/a><\/div><div class=\"swiper-slide\" role=\"group\" aria-roledescription=\"slide\" aria-label=\"7 of 8\" data-no-translation-aria-label=\"\"><a data-elementor-open-lightbox=\"yes\" data-elementor-lightbox-slideshow=\"03b4298\" data-e-action-hash=\"#elementor-action%3Aaction%3Dlightbox%26settings%3DeyJpZCI6ODM1MCwidXJsIjoiaHR0cHM6XC9cL2d1ZGVuYWFjYW1waW5nLmRrXC93cC1jb250ZW50XC91cGxvYWRzXC8yMDI1XC8wOVwvQzJBMzIxNC0yLTcyLWRwaS1zY2FsZWQuanBnIiwic2xpZGVzaG93IjoiMDNiNDI5OCJ9\" href=\"https:\/\/gudenaacamping.dk\/wp-content\/uploads\/2025\/09\/C2A3214-2-72-dpi-scaled.jpg\"><figure class=\"swiper-slide-inner\"><img decoding=\"async\" class=\"swiper-slide-image\" src=\"https:\/\/gudenaacamping.dk\/wp-content\/uploads\/2025\/09\/C2A3214-2-72-dpi-scaled.jpg\" alt=\"\" \/><\/figure><\/a><\/div><div class=\"swiper-slide\" role=\"group\" aria-roledescription=\"slide\" aria-label=\"8 of 8\" data-no-translation-aria-label=\"\"><a data-elementor-open-lightbox=\"yes\" data-elementor-lightbox-slideshow=\"03b4298\" data-e-action-hash=\"#elementor-action%3Aaction%3Dlightbox%26settings%3DeyJpZCI6ODQ2OCwidXJsIjoiaHR0cHM6XC9cL2d1ZGVuYWFjYW1waW5nLmRrXC93cC1jb250ZW50XC91cGxvYWRzXC8yMDI1XC8wOVwvQzJBMzE3OC0yLTcyLWRwaS0xLXNjYWxlZC5qcGciLCJzbGlkZXNob3ciOiIwM2I0Mjk4In0%3D\" href=\"https:\/\/gudenaacamping.dk\/wp-content\/uploads\/2025\/09\/C2A3178-2-72-dpi-1-scaled.jpg\"><figure class=\"swiper-slide-inner\"><img decoding=\"async\" class=\"swiper-slide-image\" src=\"https:\/\/gudenaacamping.dk\/wp-content\/uploads\/2025\/09\/C2A3178-2-72-dpi-1-scaled.jpg\" alt=\"\" \/><\/figure><\/a><\/div>\t\t\t<\/div>\n\t\t\t\t\t\t\t\n\t\t\t\t\t\t\t\t\t<\/div>\n\t\t\t\t\t\t<\/div>\n\t\t\t\t<\/div>\n\t\t\t\t<\/div>\n\t\t\t\t<\/div>","protected":false},"excerpt":{"rendered":"<p>Overnatning Behagelige v\u00e6relser Skal det v\u00e6re nemt og bekvemt, s\u00e5 er vores lyse, nyistandsatte dobbeltv\u00e6relser en god l\u00f8sning. Vi er ved l\u00f8bende at forny vores overnatningstilbud, s\u00e5 du kan f\u00e5 en sk\u00f8n nats s\u00f8vn i behagelige omgivelser. Dobbeltv\u00e6relser i rolige omgivelser Vores dejlige v\u00e6relser har eget badev\u00e6relse, og er udstyret med: Dyner og hovedpuder Behagelig [&hellip;]<\/p>\n","protected":false},"author":5,"featured_media":0,"parent":4762,"menu_order":0,"comment_status":"closed","ping_status":"closed","template":"","meta":{"_seopress_robots_primary_cat":"","_seopress_titles_title":"","_seopress_titles_desc":"","_seopress_robots_index":"","inline_featured_image":false,"footnotes":""},"class_list":["post-7470","page","type-page","status-publish","hentry"],"_links":{"self":[{"href":"https:\/\/gudenaacamping.dk\/en\/wp-json\/wp\/v2\/pages\/7470","targetHints":{"allow":["GET"]}}],"collection":[{"href":"https:\/\/gudenaacamping.dk\/en\/wp-json\/wp\/v2\/pages"}],"about":[{"href":"https:\/\/gudenaacamping.dk\/en\/wp-json\/wp\/v2\/types\/page"}],"author":[{"embeddable":true,"href":"https:\/\/gudenaacamping.dk\/en\/wp-json\/wp\/v2\/users\/5"}],"replies":[{"embeddable":true,"href":"https:\/\/gudenaacamping.dk\/en\/wp-json\/wp\/v2\/comments?post=7470"}],"version-history":[{"count":46,"href":"https:\/\/gudenaacamping.dk\/en\/wp-json\/wp\/v2\/pages\/7470\/revisions"}],"predecessor-version":[{"id":8474,"href":"https:\/\/gudenaacamping.dk\/en\/wp-json\/wp\/v2\/pages\/7470\/revisions\/8474"}],"up":[{"embeddable":true,"href":"https:\/\/gudenaacamping.dk\/en\/wp-json\/wp\/v2\/pages\/4762"}],"wp:attachment":[{"href":"https:\/\/gudenaacamping.dk\/en\/wp-json\/wp\/v2\/media?parent=7470"}],"curies":[{"name":"wp","href":"https:\/\/api.w.org\/{rel}","templated":true}]}}