{"id":7504,"date":"2025-05-27T11:14:04","date_gmt":"2025-05-27T09:14:04","guid":{"rendered":"https:\/\/gudenaacamping.dk\/?page_id=7504"},"modified":"2025-09-19T10:09:50","modified_gmt":"2025-09-19T08:09:50","slug":"tent-pitches","status":"publish","type":"page","link":"https:\/\/gudenaacamping.dk\/en\/overnatning\/teltpladser\/","title":{"rendered":"Tent pitches"},"content":{"rendered":"<div data-elementor-type=\"wp-page\" data-elementor-id=\"7504\" class=\"elementor elementor-7504\" data-elementor-post-type=\"page\">\n\t\t\t\t<div class=\"elementor-element elementor-element-5cb0d43 e-flex e-con-boxed e-con e-parent\" data-id=\"5cb0d43\" data-element_type=\"container\" data-e-type=\"container\" data-settings=\"{&quot;background_background&quot;:&quot;classic&quot;,&quot;jet_parallax_layout_list&quot;:[]}\">\n\t\t\t\t\t<div class=\"e-con-inner\">\n\t\t<div class=\"elementor-element elementor-element-83e2911 e-con-full e-flex e-con e-child\" data-id=\"83e2911\" data-element_type=\"container\" data-e-type=\"container\" data-settings=\"{&quot;jet_parallax_layout_list&quot;:[]}\">\n\t\t\t\t<div class=\"elementor-element elementor-element-42cdf98 elementor-widget elementor-widget-template\" data-id=\"42cdf98\" data-element_type=\"widget\" data-e-type=\"widget\" data-widget_type=\"template.default\">\n\t\t\t\t<div class=\"elementor-widget-container\">\n\t\t\t\t\t\t\t<div class=\"elementor-template\">\n\t\t\t\t\t<div data-elementor-type=\"container\" data-elementor-id=\"6792\" class=\"elementor elementor-6792\" data-elementor-post-type=\"elementor_library\">\n\t\t\t\t<div class=\"elementor-element elementor-element-20c84c4a e-con-full e-flex e-con e-child\" data-id=\"20c84c4a\" data-element_type=\"container\" data-e-type=\"container\" data-settings=\"{&quot;jet_parallax_layout_list&quot;:[]}\">\n\t\t\t\t<div class=\"elementor-element elementor-element-63533cdc elementor-align-center elementor-widget elementor-widget-button\" data-id=\"63533cdc\" data-element_type=\"widget\" data-e-type=\"widget\" data-widget_type=\"button.default\">\n\t\t\t\t<div class=\"elementor-widget-container\">\n\t\t\t\t\t\t\t\t\t<div class=\"elementor-button-wrapper\">\n\t\t\t\t\t<a class=\"elementor-button elementor-button-link elementor-size-sm\" href=\"https:\/\/v3.onlinebooking.dk\/v3gudenaa\" target=\"_blank\">\n\t\t\t\t\t\t<span class=\"elementor-button-content-wrapper\">\n\t\t\t\t\t\t\t\t\t<span class=\"elementor-button-text\">Book your holiday<\/span>\n\t\t\t\t\t<\/span>\n\t\t\t\t\t<\/a>\n\t\t\t\t<\/div>\n\t\t\t\t\t\t\t\t<\/div>\n\t\t\t\t<\/div>\n\t\t\t\t<\/div>\n\t\t\t\t<\/div>\n\t\t\t\t<\/div>\n\t\t\t\t\t\t<\/div>\n\t\t\t\t<\/div>\n\t\t\t\t<\/div>\n\t\t\t\t\t<\/div>\n\t\t\t\t<\/div>\n\t\t<div class=\"elementor-element elementor-element-f705895 e-flex e-con-boxed e-con e-parent\" data-id=\"f705895\" data-element_type=\"container\" data-e-type=\"container\" data-settings=\"{&quot;jet_parallax_layout_list&quot;:[],&quot;background_background&quot;:&quot;classic&quot;}\">\n\t\t\t\t\t<div class=\"e-con-inner\">\n\t\t\t\t<div class=\"elementor-element elementor-element-5e19b2a elementor-widget elementor-widget-heading\" data-id=\"5e19b2a\" data-element_type=\"widget\" data-e-type=\"widget\" data-widget_type=\"heading.default\">\n\t\t\t\t<div class=\"elementor-widget-container\">\n\t\t\t\t\t<p class=\"elementor-heading-title elementor-size-default\">Accommodation<\/p>\t\t\t\t<\/div>\n\t\t\t\t<\/div>\n\t\t\t\t<div class=\"elementor-element elementor-element-37f1dd3 elementor-widget elementor-widget-heading\" data-id=\"37f1dd3\" data-element_type=\"widget\" data-e-type=\"widget\" data-widget_type=\"heading.default\">\n\t\t\t\t<div class=\"elementor-widget-container\">\n\t\t\t\t\t<h2 class=\"elementor-heading-title elementor-size-default\">Room for every tent <\/h2>\t\t\t\t<\/div>\n\t\t\t\t<\/div>\n\t\t\t\t<div class=\"elementor-element elementor-element-23d9031 elementor-widget elementor-widget-text-editor\" data-id=\"23d9031\" data-element_type=\"widget\" data-e-type=\"widget\" data-widget_type=\"text-editor.default\">\n\t\t\t\t<div class=\"elementor-widget-container\">\n\t\t\t\t\t\t\t\t\t<p>Pull your canoe ashore or park your bike and pitch the tent in peaceful surroundings at the scenic campsite located right next to the Guden\u00e5en river. You are free to use the campsite's facilities, including a communal kitchen.<\/p>\t\t\t\t\t\t\t\t<\/div>\n\t\t\t\t<\/div>\n\t\t\t\t\t<\/div>\n\t\t\t\t<\/div>\n\t\t<div class=\"elementor-element elementor-element-94250c4 e-con-full e-flex e-con e-parent\" data-id=\"94250c4\" data-element_type=\"container\" data-e-type=\"container\" data-settings=\"{&quot;jet_parallax_layout_list&quot;:[]}\">\n\t\t<div class=\"elementor-element elementor-element-b70408c e-con-full e-flex e-con e-child\" data-id=\"b70408c\" data-element_type=\"container\" data-e-type=\"container\" data-settings=\"{&quot;background_background&quot;:&quot;classic&quot;,&quot;jet_parallax_layout_list&quot;:[]}\">\n\t\t\t\t<\/div>\n\t\t<div class=\"elementor-element elementor-element-1e53e87 e-con-full e-flex e-con e-child\" data-id=\"1e53e87\" data-element_type=\"container\" data-e-type=\"container\" data-settings=\"{&quot;jet_parallax_layout_list&quot;:[],&quot;background_background&quot;:&quot;classic&quot;}\">\n\t\t<div class=\"elementor-element elementor-element-46213dd e-flex e-con-boxed e-con e-child\" data-id=\"46213dd\" data-element_type=\"container\" data-e-type=\"container\" data-settings=\"{&quot;jet_parallax_layout_list&quot;:[]}\">\n\t\t\t\t\t<div class=\"e-con-inner\">\n\t\t\t\t<div class=\"elementor-element elementor-element-35a9b29 elementor-view-stacked elementor-shape-circle elementor-widget elementor-widget-icon\" data-id=\"35a9b29\" data-element_type=\"widget\" data-e-type=\"widget\" data-widget_type=\"icon.default\">\n\t\t\t\t<div class=\"elementor-widget-container\">\n\t\t\t\t\t\t\t<div class=\"elementor-icon-wrapper\">\n\t\t\t<div class=\"elementor-icon\">\n\t\t\t<i aria-hidden=\"true\" class=\"fas fa-campground\"><\/i>\t\t\t<\/div>\n\t\t<\/div>\n\t\t\t\t\t\t<\/div>\n\t\t\t\t<\/div>\n\t\t\t\t<div class=\"elementor-element elementor-element-4215c93 elementor-widget elementor-widget-heading\" data-id=\"4215c93\" data-element_type=\"widget\" data-e-type=\"widget\" data-widget_type=\"heading.default\">\n\t\t\t\t<div class=\"elementor-widget-container\">\n\t\t\t\t\t<h2 class=\"elementor-heading-title elementor-size-default\">Campsite by the river Guden\u00e5en<\/h2>\t\t\t\t<\/div>\n\t\t\t\t<\/div>\n\t\t\t\t<div class=\"elementor-element elementor-element-10aa9b4 elementor-widget elementor-widget-text-editor\" data-id=\"10aa9b4\" data-element_type=\"widget\" data-e-type=\"widget\" data-widget_type=\"text-editor.default\">\n\t\t\t\t<div class=\"elementor-widget-container\">\n\t\t\t\t\t\t\t\t\t<p>The campsite is intended for smaller tents and is unnumbered, but there is plenty of space for tent life. There is also a fire pit (firewood can be purchased at the kiosk). You will find electric sockets for mobile phone charging in the common room and feel free ask us to charge your bike battery or power bank.<\/p><p>To preserve the unique nature around the campsite, cars are not allowed to be parked directly in the tent area. However, you can drive in to unload your belongings and then park your car in the car park outside the barrier. If you want to keep your car close to the tent during your stay, we recommend that you book a pitch where this is possible.<\/p><p>In general, it is not necessary to make reservervations for a pitch in the tent area. However, if you are a larger group that would like to stay together, we would love to hear from you so we can make sure you get spots next to each other.<\/p><p>Enjoy the freedom of camping in beautiful, natural surroundings and enjoy the tranquillity of the Guden\u00e5en river while staying close to both the water and the surrounding nature.<\/p>\t\t\t\t\t\t\t\t<\/div>\n\t\t\t\t<\/div>\n\t\t\t\t\t<\/div>\n\t\t\t\t<\/div>\n\t\t<div class=\"elementor-element elementor-element-b3db362 e-grid e-con-boxed e-con e-child\" data-id=\"b3db362\" data-element_type=\"container\" data-e-type=\"container\" data-settings=\"{&quot;jet_parallax_layout_list&quot;:[]}\">\n\t\t\t\t\t<div class=\"e-con-inner\">\n\t\t\t\t<div class=\"elementor-element elementor-element-1a3411f elementor-align-left elementor-button-info elementor-widget elementor-widget-button\" data-id=\"1a3411f\" data-element_type=\"widget\" data-e-type=\"widget\" data-widget_type=\"button.default\">\n\t\t\t\t<div class=\"elementor-widget-container\">\n\t\t\t\t\t\t\t\t\t<div class=\"elementor-button-wrapper\">\n\t\t\t\t\t<a class=\"elementor-button elementor-button-link elementor-size-sm\" href=\"https:\/\/gudenaacamping.dk\/en\/information\/seat-overview\/\">\n\t\t\t\t\t\t<span class=\"elementor-button-content-wrapper\">\n\t\t\t\t\t\t\t\t\t<span class=\"elementor-button-text\">Site map<\/span>\n\t\t\t\t\t<\/span>\n\t\t\t\t\t<\/a>\n\t\t\t\t<\/div>\n\t\t\t\t\t\t\t\t<\/div>\n\t\t\t\t<\/div>\n\t\t\t\t<div class=\"elementor-element elementor-element-0221d99 elementor-align-left elementor-button-info elementor-widget elementor-widget-button\" data-id=\"0221d99\" data-element_type=\"widget\" data-e-type=\"widget\" data-widget_type=\"button.default\">\n\t\t\t\t<div class=\"elementor-widget-container\">\n\t\t\t\t\t\t\t\t\t<div class=\"elementor-button-wrapper\">\n\t\t\t\t\t<a class=\"elementor-button elementor-button-link elementor-size-sm\" href=\"https:\/\/gudenaacamping.dk\/en\/prices\/\">\n\t\t\t\t\t\t<span class=\"elementor-button-content-wrapper\">\n\t\t\t\t\t\t\t\t\t<span class=\"elementor-button-text\">See prices<\/span>\n\t\t\t\t\t<\/span>\n\t\t\t\t\t<\/a>\n\t\t\t\t<\/div>\n\t\t\t\t\t\t\t\t<\/div>\n\t\t\t\t<\/div>\n\t\t\t\t\t<\/div>\n\t\t\t\t<\/div>\n\t\t\t\t<\/div>\n\t\t\t\t<\/div>\n\t\t<div class=\"elementor-element elementor-element-a1267bb e-con-full e-flex e-con e-parent\" data-id=\"a1267bb\" data-element_type=\"container\" data-e-type=\"container\" data-settings=\"{&quot;jet_parallax_layout_list&quot;:[]}\">\n\t\t\t\t<div class=\"elementor-element elementor-element-aacb2da elementor-widget elementor-widget-image-carousel\" data-id=\"aacb2da\" data-element_type=\"widget\" data-e-type=\"widget\" data-settings=\"{&quot;slides_to_show&quot;:&quot;4&quot;,&quot;slides_to_show_tablet&quot;:&quot;3&quot;,&quot;slides_to_show_mobile&quot;:&quot;2&quot;,&quot;navigation&quot;:&quot;none&quot;,&quot;pause_on_hover&quot;:&quot;no&quot;,&quot;pause_on_interaction&quot;:&quot;no&quot;,&quot;autoplay_speed&quot;:3000,&quot;slides_to_show_widescreen&quot;:&quot;6&quot;,&quot;autoplay&quot;:&quot;yes&quot;,&quot;infinite&quot;:&quot;yes&quot;,&quot;speed&quot;:500}\" data-widget_type=\"image-carousel.default\">\n\t\t\t\t<div class=\"elementor-widget-container\">\n\t\t\t\t\t\t\t<div class=\"elementor-image-carousel-wrapper swiper\" role=\"region\" aria-roledescription=\"carousel\" aria-label=\"Image Carousel\" dir=\"ltr\">\n\t\t\t<div class=\"elementor-image-carousel swiper-wrapper\" aria-live=\"off\">\n\t\t\t\t\t\t\t\t<div class=\"swiper-slide\" role=\"group\" aria-roledescription=\"slide\" aria-label=\"1 of 8\"><a data-elementor-open-lightbox=\"yes\" data-elementor-lightbox-slideshow=\"aacb2da\" data-e-action-hash=\"#elementor-action%3Aaction%3Dlightbox%26settings%3DeyJpZCI6ODUxOCwidXJsIjoiaHR0cHM6XC9cL2d1ZGVuYWFjYW1waW5nLmRrXC93cC1jb250ZW50XC91cGxvYWRzXC8yMDI1XC8wOVwvSU1HXzY4NDQtc2NhbGVkLmpwZyIsInNsaWRlc2hvdyI6ImFhY2IyZGEifQ%3D%3D\" href=\"https:\/\/gudenaacamping.dk\/wp-content\/uploads\/2025\/09\/IMG_6844-scaled.jpg\"><figure class=\"swiper-slide-inner\"><img decoding=\"async\" class=\"swiper-slide-image\" src=\"https:\/\/gudenaacamping.dk\/wp-content\/uploads\/2025\/09\/IMG_6844-scaled.jpg\" alt=\"\" \/><\/figure><\/a><\/div><div class=\"swiper-slide\" role=\"group\" aria-roledescription=\"slide\" aria-label=\"2 of 8\"><a data-elementor-open-lightbox=\"yes\" data-elementor-lightbox-slideshow=\"aacb2da\" data-e-action-hash=\"#elementor-action%3Aaction%3Dlightbox%26settings%3DeyJpZCI6ODUyMCwidXJsIjoiaHR0cHM6XC9cL2d1ZGVuYWFjYW1waW5nLmRrXC93cC1jb250ZW50XC91cGxvYWRzXC8yMDI1XC8wOVwvQzJBMzA3Ny0yLTcxLWRwaS1zY2FsZWQuanBnIiwic2xpZGVzaG93IjoiYWFjYjJkYSJ9\" href=\"https:\/\/gudenaacamping.dk\/wp-content\/uploads\/2025\/09\/C2A3077-2-71-dpi-scaled.jpg\"><figure class=\"swiper-slide-inner\"><img decoding=\"async\" class=\"swiper-slide-image\" src=\"https:\/\/gudenaacamping.dk\/wp-content\/uploads\/2025\/09\/C2A3077-2-71-dpi-scaled.jpg\" alt=\"\" \/><\/figure><\/a><\/div><div class=\"swiper-slide\" role=\"group\" aria-roledescription=\"slide\" aria-label=\"3 of 8\"><a data-elementor-open-lightbox=\"yes\" data-elementor-lightbox-slideshow=\"aacb2da\" data-e-action-hash=\"#elementor-action%3Aaction%3Dlightbox%26settings%3DeyJpZCI6ODUxNCwidXJsIjoiaHR0cHM6XC9cL2d1ZGVuYWFjYW1waW5nLmRrXC93cC1jb250ZW50XC91cGxvYWRzXC8yMDI1XC8wOVwvQmlsbGVkZS0wOC4wOC4yMDI1LTE1LjE0LjU2LXNjYWxlZC5qcGciLCJzbGlkZXNob3ciOiJhYWNiMmRhIn0%3D\" href=\"https:\/\/gudenaacamping.dk\/wp-content\/uploads\/2025\/09\/Billede-08.08.2025-15.14.56-scaled.jpg\"><figure class=\"swiper-slide-inner\"><img decoding=\"async\" class=\"swiper-slide-image\" src=\"https:\/\/gudenaacamping.dk\/wp-content\/uploads\/2025\/09\/Billede-08.08.2025-15.14.56-scaled.jpg\" alt=\"\" \/><\/figure><\/a><\/div><div class=\"swiper-slide\" role=\"group\" aria-roledescription=\"slide\" aria-label=\"4 of 8\"><a data-elementor-open-lightbox=\"yes\" data-elementor-lightbox-slideshow=\"aacb2da\" data-e-action-hash=\"#elementor-action%3Aaction%3Dlightbox%26settings%3DeyJpZCI6ODUxMywidXJsIjoiaHR0cHM6XC9cL2d1ZGVuYWFjYW1waW5nLmRrXC93cC1jb250ZW50XC91cGxvYWRzXC8yMDI1XC8wOVwvSU1HXzA3NjAtMi1zY2FsZWQuanBnIiwic2xpZGVzaG93IjoiYWFjYjJkYSJ9\" href=\"https:\/\/gudenaacamping.dk\/wp-content\/uploads\/2025\/09\/IMG_0760-2-scaled.jpg\"><figure class=\"swiper-slide-inner\"><img decoding=\"async\" class=\"swiper-slide-image\" src=\"https:\/\/gudenaacamping.dk\/wp-content\/uploads\/2025\/09\/IMG_0760-2-scaled.jpg\" alt=\"\" \/><\/figure><\/a><\/div><div class=\"swiper-slide\" role=\"group\" aria-roledescription=\"slide\" aria-label=\"5 of 8\"><a data-elementor-open-lightbox=\"yes\" data-elementor-lightbox-slideshow=\"aacb2da\" data-e-action-hash=\"#elementor-action%3Aaction%3Dlightbox%26settings%3DeyJpZCI6ODQ4MywidXJsIjoiaHR0cHM6XC9cL2d1ZGVuYWFjYW1waW5nLmRrXC93cC1jb250ZW50XC91cGxvYWRzXC8yMDI1XC8wOVwvSU1HXzY2MTYtc2NhbGVkLmpwZyIsInNsaWRlc2hvdyI6ImFhY2IyZGEifQ%3D%3D\" href=\"https:\/\/gudenaacamping.dk\/wp-content\/uploads\/2025\/09\/IMG_6616-scaled.jpg\"><figure class=\"swiper-slide-inner\"><img decoding=\"async\" class=\"swiper-slide-image\" src=\"https:\/\/gudenaacamping.dk\/wp-content\/uploads\/2025\/09\/IMG_6616-scaled.jpg\" alt=\"\" \/><\/figure><\/a><\/div><div class=\"swiper-slide\" role=\"group\" aria-roledescription=\"slide\" aria-label=\"6 of 8\"><a data-elementor-open-lightbox=\"yes\" data-elementor-lightbox-slideshow=\"aacb2da\" data-e-action-hash=\"#elementor-action%3Aaction%3Dlightbox%26settings%3DeyJpZCI6ODM2MywidXJsIjoiaHR0cHM6XC9cL2d1ZGVuYWFjYW1waW5nLmRrXC93cC1jb250ZW50XC91cGxvYWRzXC8yMDI1XC8wOVwvQzJBMzE2Ny0yLTcyLWRwaS0xLXNjYWxlZC5qcGciLCJzbGlkZXNob3ciOiJhYWNiMmRhIn0%3D\" href=\"https:\/\/gudenaacamping.dk\/wp-content\/uploads\/2025\/09\/C2A3167-2-72-dpi-1-scaled.jpg\"><figure class=\"swiper-slide-inner\"><img decoding=\"async\" class=\"swiper-slide-image\" src=\"https:\/\/gudenaacamping.dk\/wp-content\/uploads\/2025\/09\/C2A3167-2-72-dpi-1-scaled.jpg\" alt=\"\" \/><\/figure><\/a><\/div><div class=\"swiper-slide\" role=\"group\" aria-roledescription=\"slide\" aria-label=\"7 of 8\"><a data-elementor-open-lightbox=\"yes\" data-elementor-lightbox-slideshow=\"aacb2da\" data-e-action-hash=\"#elementor-action%3Aaction%3Dlightbox%26settings%3DeyJpZCI6ODM3MCwidXJsIjoiaHR0cHM6XC9cL2d1ZGVuYWFjYW1waW5nLmRrXC93cC1jb250ZW50XC91cGxvYWRzXC8yMDI1XC8wOVwvYjdnU1dSX2suanBnIiwic2xpZGVzaG93IjoiYWFjYjJkYSJ9\" href=\"https:\/\/gudenaacamping.dk\/wp-content\/uploads\/2025\/09\/b7gSWR_k.jpg\"><figure class=\"swiper-slide-inner\"><img decoding=\"async\" class=\"swiper-slide-image\" src=\"https:\/\/gudenaacamping.dk\/wp-content\/uploads\/2025\/09\/b7gSWR_k.jpg\" alt=\"\" \/><\/figure><\/a><\/div><div class=\"swiper-slide\" role=\"group\" aria-roledescription=\"slide\" aria-label=\"8 of 8\"><a data-elementor-open-lightbox=\"yes\" data-elementor-lightbox-slideshow=\"aacb2da\" data-e-action-hash=\"#elementor-action%3Aaction%3Dlightbox%26settings%3DeyJpZCI6ODM0NiwidXJsIjoiaHR0cHM6XC9cL2d1ZGVuYWFjYW1waW5nLmRrXC93cC1jb250ZW50XC91cGxvYWRzXC8yMDI1XC8wOVwvSU1HXzA3NzgtMS1zY2FsZWQuanBnIiwic2xpZGVzaG93IjoiYWFjYjJkYSJ9\" href=\"https:\/\/gudenaacamping.dk\/wp-content\/uploads\/2025\/09\/IMG_0778-1-scaled.jpg\"><figure class=\"swiper-slide-inner\"><img decoding=\"async\" class=\"swiper-slide-image\" src=\"https:\/\/gudenaacamping.dk\/wp-content\/uploads\/2025\/09\/IMG_0778-1-scaled.jpg\" alt=\"\" \/><\/figure><\/a><\/div>\t\t\t<\/div>\n\t\t\t\t\t\t\t\n\t\t\t\t\t\t\t\t\t<\/div>\n\t\t\t\t\t\t<\/div>\n\t\t\t\t<\/div>\n\t\t\t\t<\/div>\n\t\t<div class=\"elementor-element elementor-element-27bacf0 e-flex e-con-boxed e-con e-parent\" data-id=\"27bacf0\" data-element_type=\"container\" data-e-type=\"container\" data-settings=\"{&quot;jet_parallax_layout_list&quot;:[]}\">\n\t\t\t\t\t<div class=\"e-con-inner\">\n\t\t\t\t\t<\/div>\n\t\t\t\t<\/div>\n\t\t\t\t<\/div>","protected":false},"excerpt":{"rendered":"<p>Overnatning Teltplads til alle Tr\u00e6k kanoen i land eller parker cyklen, og sl\u00e5 jeres telt op i fredelige omgivelser p\u00e5 den natursk\u00f8nne teltplads som ligger helt ned til Guden\u00e5en. I kan frit benytte pladsens faciliteter inkl. f\u00e6llesk\u00f8kken. Teltplads ved guden\u00e5en Teltpladsen er beregnet til mindre telte og er unummereret, men her er rigelig plads til [&hellip;]<\/p>\n","protected":false},"author":5,"featured_media":0,"parent":4762,"menu_order":0,"comment_status":"closed","ping_status":"closed","template":"","meta":{"_seopress_robots_primary_cat":"","_seopress_titles_title":"","_seopress_titles_desc":"","_seopress_robots_index":"","inline_featured_image":false,"footnotes":""},"class_list":["post-7504","page","type-page","status-publish","hentry"],"_links":{"self":[{"href":"https:\/\/gudenaacamping.dk\/en\/wp-json\/wp\/v2\/pages\/7504","targetHints":{"allow":["GET"]}}],"collection":[{"href":"https:\/\/gudenaacamping.dk\/en\/wp-json\/wp\/v2\/pages"}],"about":[{"href":"https:\/\/gudenaacamping.dk\/en\/wp-json\/wp\/v2\/types\/page"}],"author":[{"embeddable":true,"href":"https:\/\/gudenaacamping.dk\/en\/wp-json\/wp\/v2\/users\/5"}],"replies":[{"embeddable":true,"href":"https:\/\/gudenaacamping.dk\/en\/wp-json\/wp\/v2\/comments?post=7504"}],"version-history":[{"count":34,"href":"https:\/\/gudenaacamping.dk\/en\/wp-json\/wp\/v2\/pages\/7504\/revisions"}],"predecessor-version":[{"id":8895,"href":"https:\/\/gudenaacamping.dk\/en\/wp-json\/wp\/v2\/pages\/7504\/revisions\/8895"}],"up":[{"embeddable":true,"href":"https:\/\/gudenaacamping.dk\/en\/wp-json\/wp\/v2\/pages\/4762"}],"wp:attachment":[{"href":"https:\/\/gudenaacamping.dk\/en\/wp-json\/wp\/v2\/media?parent=7504"}],"curies":[{"name":"wp","href":"https:\/\/api.w.org\/{rel}","templated":true}]}}