{"id":761,"date":"2024-01-20T11:22:21","date_gmt":"2024-01-20T10:22:21","guid":{"rendered":"https:\/\/gudenaacamping.dk\/?page_id=761"},"modified":"2025-09-03T12:38:57","modified_gmt":"2025-09-03T10:38:57","slug":"contact","status":"publish","type":"page","link":"https:\/\/gudenaacamping.dk\/en\/informationer\/kontakt\/","title":{"rendered":"Contact us"},"content":{"rendered":"<div data-elementor-type=\"wp-page\" data-elementor-id=\"761\" class=\"elementor elementor-761\" data-elementor-post-type=\"page\">\n\t\t\t\t<div class=\"elementor-element elementor-element-bee9aab e-flex e-con-boxed e-con e-parent\" data-id=\"bee9aab\" data-element_type=\"container\" data-e-type=\"container\" data-settings=\"{&quot;background_background&quot;:&quot;classic&quot;,&quot;jet_parallax_layout_list&quot;:[]}\">\n\t\t\t\t\t<div class=\"e-con-inner\">\n\t\t\t\t<div class=\"elementor-element elementor-element-2ddd758 elementor-widget elementor-widget-heading\" data-id=\"2ddd758\" data-element_type=\"widget\" data-e-type=\"widget\" data-widget_type=\"heading.default\">\n\t\t\t\t<div class=\"elementor-widget-container\">\n\t\t\t\t\t<h1 class=\"elementor-heading-title elementor-size-default\">Contact us<\/h1>\t\t\t\t<\/div>\n\t\t\t\t<\/div>\n\t\t\t\t\t<\/div>\n\t\t\t\t<\/div>\n\t\t<div class=\"elementor-element elementor-element-0fbf6ef e-flex e-con-boxed e-con e-parent\" data-id=\"0fbf6ef\" data-element_type=\"container\" data-e-type=\"container\" data-settings=\"{&quot;jet_parallax_layout_list&quot;:[],&quot;background_background&quot;:&quot;classic&quot;}\">\n\t\t\t\t\t<div class=\"e-con-inner\">\n\t\t\t\t<div class=\"elementor-element elementor-element-f304b24 elementor-widget elementor-widget-heading\" data-id=\"f304b24\" data-element_type=\"widget\" data-e-type=\"widget\" data-widget_type=\"heading.default\">\n\t\t\t\t<div class=\"elementor-widget-container\">\n\t\t\t\t\t<h2 class=\"elementor-heading-title elementor-size-default\">Contact us<\/h2>\t\t\t\t<\/div>\n\t\t\t\t<\/div>\n\t\t\t\t<div class=\"elementor-element elementor-element-0b8a3a4 elementor-widget elementor-widget-text-editor\" data-id=\"0b8a3a4\" data-element_type=\"widget\" data-e-type=\"widget\" data-widget_type=\"text-editor.default\">\n\t\t\t\t<div class=\"elementor-widget-container\">\n\t\t\t\t\t\t\t\t\t<p>You are very welcome to call us at <a href=\"tel:+4575763070\" target=\"_blank\" rel=\"noopener\">7576 3070, <\/a>send an email to <a href=\"mailto:info@gudenaacamping.dk\" target=\"_blank\" rel=\"noopener\">info@gudenaacamping.dk<\/a> or use the contact form at the bottom of the page.<\/p><p>If you are ready to book your holiday, click below<\/p>\t\t\t\t\t\t\t\t<\/div>\n\t\t\t\t<\/div>\n\t\t\t\t<div class=\"elementor-element elementor-element-c118870 elementor-widget elementor-widget-template\" data-id=\"c118870\" data-element_type=\"widget\" data-e-type=\"widget\" data-widget_type=\"template.default\">\n\t\t\t\t<div class=\"elementor-widget-container\">\n\t\t\t\t\t\t\t<div class=\"elementor-template\">\n\t\t\t\t\t<div data-elementor-type=\"container\" data-elementor-id=\"6792\" class=\"elementor elementor-6792\" data-elementor-post-type=\"elementor_library\">\n\t\t\t\t<div class=\"elementor-element elementor-element-20c84c4a e-con-full e-flex e-con e-child\" data-id=\"20c84c4a\" data-element_type=\"container\" data-e-type=\"container\" data-settings=\"{&quot;jet_parallax_layout_list&quot;:[]}\">\n\t\t\t\t<div class=\"elementor-element elementor-element-63533cdc elementor-align-center elementor-widget elementor-widget-button\" data-id=\"63533cdc\" data-element_type=\"widget\" data-e-type=\"widget\" data-widget_type=\"button.default\">\n\t\t\t\t<div class=\"elementor-widget-container\">\n\t\t\t\t\t\t\t\t\t<div class=\"elementor-button-wrapper\">\n\t\t\t\t\t<a class=\"elementor-button elementor-button-link elementor-size-sm\" href=\"https:\/\/v3.onlinebooking.dk\/v3gudenaa\" target=\"_blank\">\n\t\t\t\t\t\t<span class=\"elementor-button-content-wrapper\">\n\t\t\t\t\t\t\t\t\t<span class=\"elementor-button-text\">Book your holiday<\/span>\n\t\t\t\t\t<\/span>\n\t\t\t\t\t<\/a>\n\t\t\t\t<\/div>\n\t\t\t\t\t\t\t\t<\/div>\n\t\t\t\t<\/div>\n\t\t\t\t<\/div>\n\t\t\t\t<\/div>\n\t\t\t\t<\/div>\n\t\t\t\t\t\t<\/div>\n\t\t\t\t<\/div>\n\t\t\t\t\t<\/div>\n\t\t\t\t<\/div>\n\t\t<div class=\"elementor-element elementor-element-3a70cac e-flex e-con-boxed e-con e-parent\" data-id=\"3a70cac\" data-element_type=\"container\" data-e-type=\"container\" data-settings=\"{&quot;background_background&quot;:&quot;classic&quot;,&quot;jet_parallax_layout_list&quot;:[]}\">\n\t\t\t\t\t<div class=\"e-con-inner\">\n\t\t<div class=\"elementor-element elementor-element-02fc8c7 e-con-full e-flex e-con e-child\" data-id=\"02fc8c7\" data-element_type=\"container\" data-e-type=\"container\" data-settings=\"{&quot;jet_parallax_layout_list&quot;:[]}\">\n\t\t\t\t<div class=\"elementor-element elementor-element-fa9a2cb elementor-view-stacked elementor-shape-circle elementor-widget elementor-widget-icon\" data-id=\"fa9a2cb\" data-element_type=\"widget\" data-e-type=\"widget\" data-widget_type=\"icon.default\">\n\t\t\t\t<div class=\"elementor-widget-container\">\n\t\t\t\t\t\t\t<div class=\"elementor-icon-wrapper\">\n\t\t\t<div class=\"elementor-icon\">\n\t\t\t<svg xmlns=\"http:\/\/www.w3.org\/2000\/svg\" id=\"a\" data-name=\"Outline Expand\" width=\"64\" height=\"64\" viewbox=\"0 0 64 64\"><path d=\"m48.60303,42.93799l-11.60303-2.73022v-4.33728l.84619-.37634c2.24567-.99811,3.77631-3.09729,4.08777-5.49414h1.06604c1.6543,0,3-1.3457,3-3v-2c0-.53589-.15271-1.03223-.3999-1.46808.1828-.117.35559-.24921.5083-.40594.57471-.56055.8916-1.31543.8916-2.12598,0-1.6543-1.3457-3-3-3h-.24597l-3.38049-11.81885c-.35889-1.28418-1.54443-2.18115-2.8833-2.18115h-1.49023c-.55225,0-1,.44775-1,1s.44775,1,1,1h1.49023c.44531,0,.83838.2959.9585.7251l2.08093,7.2749h-5.08612c.34454-.59076.55646-1.26825.55646-2,0-2.20557-1.79443-4-4-4s-4,1.79443-4,4c0,.73175.21191,1.40924.55646,2h-5.086l2.08276-7.28076c.11816-.42334.51123-.71924.95654-.71924h5.49023c.55225,0,1-.44775,1-1s-.44775-1-1-1h-5.49023c-1.33887,0-2.52441.89697-2.88135,2.17529l-3.38245,11.82471h-.24597c-.81055,0-1.56543.31689-2.1084.87402-.57471.56055-.8916,1.31543-.8916,2.12598,0,1.06543.56207,1.99683,1.40143,2.52917-.24811.43652-.40143.93384-.40143,1.47083v2c0,1.6543,1.3457,3,3,3h1.06604c.31146,2.39685,1.8421,4.49597,4.08777,5.49365l.84619.3764v4.33771l-11.60303,2.73022c-3.17773.74805-5.39697,3.5498-5.39697,6.81396v9.24805c0,.55225.44775,1,1,1s1-.44775,1-1v-9.24805c0-2.33154,1.58545-4.33301,3.85498-4.8667l5.3559-1.26031,6.08209,6.08209c.19531.19531.45117.29297.70703.29297s.51172-.09766.70703-.29297l2.29297-2.29297v11.5542c0,.55225.44775,1,1,1s1-.44775,1-1v-11.5542l2.29297,2.29297c.19531.19531.45117.29297.70703.29297s.51172-.09766.70703-.29297l6.08209-6.08209,5.3559,1.26031c2.26953.53369,3.85498,2.53516,3.85498,4.8667v9.24805c0,.55225.44775,1,1,1s1-.44775,1-1v-9.24805c0-3.26416-2.21924-6.06592-5.39697-6.81396Zm-4.60303-15.93799c0,.55127-.44873,1-1,1h-1v-4h1c.55127,0,1,.44873,1,1v2Zm-14-15c0-1.10303.89697-2,2-2s2,.89697,2,2-.89697,2-2,2-2-.89697-2-2Zm-7.10168,4h18.20343l.57208,2h-19.34766l.57214-2Zm-2.89832,11v-2c0-.55127.44873-1,1-1h1v4h-1c-.55127,0-1-.44873-1-1Zm4,2.1001v-5.1001h4c.55225,0,1-.44775,1-1s-.44775-1-1-1h-8c-.55127,0-1-.44873-1-1,0-.2666.10205-.51318.30566-.71191.18115-.18604.42773-.28809.69434-.28809h24c.55127,0,1,.44873,1,1,0,.2666-.10205.51318-.30566.71191-.18115.18604-.42773.28809-.69434.28809h-12c-.55225,0-1,.44775-1,1s.44775,1,1,1h8v5.1001c0,1.97314-1.16406,3.76562-2.96631,4.56641l-1.42017.63177c-.00195.00085-.00372.00165-.00562.0025l-3.60791,1.60498-3.60944-1.60602c-.00092-.00037-.00171-.00079-.00262-.00116l-1.42163-.63257c-1.80225-.80029-2.96631-2.59277-2.96631-4.56592Zm7.59375,8.81348c.12939.05762.26758.08643.40625.08643s.27686-.02881.40625-.08643l2.59375-1.15356v3.82593l-3,3-3-3v-3.82617l2.59375,1.15381Zm-3.90674,4.1875l2.89893,2.89893-2.58594,2.58594-4.49969-4.49969,4.18671-.98517Zm8.31299,5.48486l-2.58594-2.58594,2.89893-2.89893,4.18671.98517-4.49969,4.49969Zm8,2.41406h-2c-1.6543,0-3,1.3457-3,3v2c0,1.6543,1.3457,3,3,3h2c1.6543,0,3-1.3457,3-3v-2c0-1.6543-1.3457-3-3-3Zm1,5c0,.55127-.44873,1-1,1h-2c-.55127,0-1-.44873-1-1v-2c0-.55127.44873-1,1-1h2c.55127,0,1,.44873,1,1v2Zm-23-5h-2c-1.6543,0-3,1.3457-3,3v2c0,1.6543,1.3457,3,3,3h2c1.6543,0,3-1.3457,3-3v-2c0-1.6543-1.3457-3-3-3Zm1,5c0,.55127-.44873,1-1,1h-2c-.55127,0-1-.44873-1-1v-2c0-.55127.44873-1,1-1h2c.55127,0,1,.44873,1,1v2Z\"><\/path><\/svg>\t\t\t<\/div>\n\t\t<\/div>\n\t\t\t\t\t\t<\/div>\n\t\t\t\t<\/div>\n\t\t\t\t<div class=\"elementor-element elementor-element-d2796ec elementor-invisible elementor-widget elementor-widget-heading\" data-id=\"d2796ec\" data-element_type=\"widget\" data-e-type=\"widget\" data-settings=\"{&quot;_animation&quot;:&quot;fadeIn&quot;,&quot;_animation_delay&quot;:100}\" data-widget_type=\"heading.default\">\n\t\t\t\t<div class=\"elementor-widget-container\">\n\t\t\t\t\t<h2 class=\"elementor-heading-title elementor-size-default\">Guden\u00e5 Camping Br\u00e6dstrup<\/h2>\t\t\t\t<\/div>\n\t\t\t\t<\/div>\n\t\t\t\t<div class=\"elementor-element elementor-element-60ebb94 elementor-align-start elementor-icon-list--layout-traditional elementor-list-item-link-full_width elementor-widget elementor-widget-icon-list\" data-id=\"60ebb94\" data-element_type=\"widget\" data-e-type=\"widget\" data-widget_type=\"icon-list.default\">\n\t\t\t\t<div class=\"elementor-widget-container\">\n\t\t\t\t\t\t\t<ul class=\"elementor-icon-list-items\">\n\t\t\t\t\t\t\t<li class=\"elementor-icon-list-item\">\n\t\t\t\t\t\t\t\t\t\t\t<a href=\"https:\/\/www.google.com\/maps\/place\/Bolundvej+4,+8740+Br%C3%A6dstrup\/@55.9351965,9.6498869,368m\/data=!3m2!1e3!4b1!4m6!3m5!1s0x464c793e44c0cb31:0x95dd5940a2341708!8m2!3d55.9351935!4d9.6524618!16s%2Fg%2F11bzzz4bl2?entry=ttu&#038;g_ep=EgoyMDI1MDMyNS4wIKXMDSoASAFQAw%3D%3D\" target=\"_blank\">\n\n\t\t\t\t\t\t\t\t\t\t\t\t<span class=\"elementor-icon-list-icon\">\n\t\t\t\t\t\t\t<i aria-hidden=\"true\" class=\"fas fa-map-pin\"><\/i>\t\t\t\t\t\t<\/span>\n\t\t\t\t\t\t\t\t\t\t<span class=\"elementor-icon-list-text\">Bolundvej 4 8740 Br\u00e6dstrup, Denmark<\/span>\n\t\t\t\t\t\t\t\t\t\t\t<\/a>\n\t\t\t\t\t\t\t\t\t<\/li>\n\t\t\t\t\t\t\t\t<li class=\"elementor-icon-list-item\">\n\t\t\t\t\t\t\t\t\t\t\t<a href=\"tel:75763070\">\n\n\t\t\t\t\t\t\t\t\t\t\t\t<span class=\"elementor-icon-list-icon\">\n\t\t\t\t\t\t\t<i aria-hidden=\"true\" class=\"fas fa-phone-alt\"><\/i>\t\t\t\t\t\t<\/span>\n\t\t\t\t\t\t\t\t\t\t<span class=\"elementor-icon-list-text\">+45 75 76 30 70<\/span>\n\t\t\t\t\t\t\t\t\t\t\t<\/a>\n\t\t\t\t\t\t\t\t\t<\/li>\n\t\t\t\t\t\t\t\t<li class=\"elementor-icon-list-item\">\n\t\t\t\t\t\t\t\t\t\t\t<a href=\"mailto:info@gudenaacamping.dk\">\n\n\t\t\t\t\t\t\t\t\t\t\t\t<span class=\"elementor-icon-list-icon\">\n\t\t\t\t\t\t\t<i aria-hidden=\"true\" class=\"fas fa-envelope\"><\/i>\t\t\t\t\t\t<\/span>\n\t\t\t\t\t\t\t\t\t\t<span class=\"elementor-icon-list-text\">info@gudenaacamping.dk<\/span>\n\t\t\t\t\t\t\t\t\t\t\t<\/a>\n\t\t\t\t\t\t\t\t\t<\/li>\n\t\t\t\t\t\t\t\t<li class=\"elementor-icon-list-item\">\n\t\t\t\t\t\t\t\t\t\t\t<a href=\"https:\/\/www.facebook.com\/profile.php?id=100057177711715\" target=\"_blank\">\n\n\t\t\t\t\t\t\t\t\t\t\t\t<span class=\"elementor-icon-list-icon\">\n\t\t\t\t\t\t\t<i aria-hidden=\"true\" class=\"fab fa-facebook-f\"><\/i>\t\t\t\t\t\t<\/span>\n\t\t\t\t\t\t\t\t\t\t<span class=\"elementor-icon-list-text\">Follow us on Facebook<\/span>\n\t\t\t\t\t\t\t\t\t\t\t<\/a>\n\t\t\t\t\t\t\t\t\t<\/li>\n\t\t\t\t\t\t\t\t<li class=\"elementor-icon-list-item\">\n\t\t\t\t\t\t\t\t\t\t\t<a href=\"https:\/\/www.instagram.com\/gudenaacampingdk\/\" target=\"_blank\">\n\n\t\t\t\t\t\t\t\t\t\t\t\t<span class=\"elementor-icon-list-icon\">\n\t\t\t\t\t\t\t<i aria-hidden=\"true\" class=\"fab fa-instagram\"><\/i>\t\t\t\t\t\t<\/span>\n\t\t\t\t\t\t\t\t\t\t<span class=\"elementor-icon-list-text\">Follow us on Instagram<\/span>\n\t\t\t\t\t\t\t\t\t\t\t<\/a>\n\t\t\t\t\t\t\t\t\t<\/li>\n\t\t\t\t\t\t<\/ul>\n\t\t\t\t\t\t<\/div>\n\t\t\t\t<\/div>\n\t\t\t\t<div class=\"elementor-element elementor-element-1eb4317 elementor-widget elementor-widget-text-editor\" data-id=\"1eb4317\" data-element_type=\"widget\" data-e-type=\"widget\" data-widget_type=\"text-editor.default\">\n\t\t\t\t<div class=\"elementor-widget-container\">\n\t\t\t\t\t\t\t\t\t<p>The site is open from the Friday before Palm Sunday to the last Sunday in September.\nWinter seasonal pitches available.\u00a0<\/p><p>High season weeks 27 - 32<\/p><p>Phone open: All year round<\/p><p>LON 9\u00b0 39' 10.2240\u2032<br \/>LAT 55\u00b0 56' 7.3320\u2032<\/p>\t\t\t\t\t\t\t\t<\/div>\n\t\t\t\t<\/div>\n\t\t\t\t<\/div>\n\t\t<div class=\"elementor-element elementor-element-1395aee e-con-full e-flex e-con e-child\" data-id=\"1395aee\" data-element_type=\"container\" data-e-type=\"container\" data-settings=\"{&quot;jet_parallax_layout_list&quot;:[]}\">\n\t\t\t\t<div class=\"elementor-element elementor-element-b18eb5b elementor-widget elementor-widget-heading\" data-id=\"b18eb5b\" data-element_type=\"widget\" data-e-type=\"widget\" data-widget_type=\"heading.default\">\n\t\t\t\t<div class=\"elementor-widget-container\">\n\t\t\t\t\t<h2 class=\"elementor-heading-title elementor-size-default\">Write to us here<\/h2>\t\t\t\t<\/div>\n\t\t\t\t<\/div>\n\t\t\t\t<div class=\"elementor-element elementor-element-e897109 elementor-widget elementor-widget-shortcode\" data-id=\"e897109\" data-element_type=\"widget\" data-e-type=\"widget\" data-widget_type=\"shortcode.default\">\n\t\t\t\t<div class=\"elementor-widget-container\">\n\t\t\t\t\t\t\t<div class=\"elementor-shortcode\"><div class=\"forminator-ui forminator-custom-form forminator-custom-form-2334 forminator-design--default forminator-enclosed forminator_ajax\" data-forminator-render=\"0\" data-form=\"forminator-module-2334\" data-uid=\"69f0e18e8320c\"><br\/><\/div><form\r\n\t\t\t\tid=\"forminator-module-2334\"\r\n\t\t\t\tclass=\"forminator-ui forminator-custom-form forminator-custom-form-2334 forminator-design--default forminator-enclosed forminator_ajax\"\r\n\t\t\t\tmethod=\"post\"\r\n\t\t\t\tdata-forminator-render=\"0\"\r\n\t\t\t\tdata-form-id=\"2334\"\r\n\t\t\t\t data-color-option=\"default\" data-design=\"default\" data-grid=\"enclosed\" style=\"display: none;\"\r\n\t\t\t\tdata-uid=\"69f0e18e8320c\" action=\"\"\r\n\t\t\t><div role=\"alert\" aria-live=\"polite\" class=\"forminator-response-message forminator-error\" aria-hidden=\"true\"><\/div><div class=\"forminator-row\"><div id=\"name-1\" class=\"forminator-field-name forminator-col forminator-col-12\"><div class=\"forminator-field\"><label for=\"forminator-field-name-1_69f0e18e8320c\" id=\"forminator-field-name-1_69f0e18e8320c-label\" class=\"forminator-label\">Name <span class=\"forminator-required\">*<\/span><\/label><input type=\"text\" name=\"name-1\" value=\"\" placeholder=\"Name\" id=\"forminator-field-name-1_69f0e18e8320c\" class=\"forminator-input forminator-name--field\" aria-required=\"true\" autocomplete=\"name\" \/><\/div><\/div><\/div><div class=\"forminator-row\"><div id=\"phone-1\" class=\"forminator-field-phone forminator-col forminator-col-12\"><div class=\"forminator-field\"><label for=\"forminator-field-phone-1_69f0e18e8320c\" id=\"forminator-field-phone-1_69f0e18e8320c-label\" class=\"forminator-label\">Phone number<\/label><input type=\"text\" name=\"phone-1\" value=\"\" placeholder=\"Phone number\" id=\"forminator-field-phone-1_69f0e18e8320c\" class=\"forminator-input forminator-field--phone\" data-required=\"\" aria-required=\"false\" autocomplete=\"off\" maxlength=\"8\" data-validation=\"character_limit\" \/><span id=\"forminator-field-phone-1_69f0e18e8320c-description\" class=\"forminator-description\"><span data-limit=\"8\" data-type=\"\">0 \/ 8<\/span><\/span><\/div><\/div><\/div><div class=\"forminator-row\"><div id=\"email-1\" class=\"forminator-field-email forminator-col forminator-col-12\"><div class=\"forminator-field\"><label for=\"forminator-field-email-1_69f0e18e8320c\" id=\"forminator-field-email-1_69f0e18e8320c-label\" class=\"forminator-label\">E-mail <span class=\"forminator-required\">*<\/span><\/label><input type=\"email\" name=\"email-1\" value=\"\" placeholder=\"E-mail\" id=\"forminator-field-email-1_69f0e18e8320c\" class=\"forminator-input forminator-email--field\" data-required=\"1\" aria-required=\"true\" autocomplete=\"email\" \/><\/div><\/div><\/div><div class=\"forminator-row\"><div id=\"address-1\" class=\"forminator-field-address forminator-col forminator-col-12\"><div class=\"forminator-row\"><div id=\"address-1-street_address\" class=\"forminator-col\"><div class=\"forminator-field\"><label for=\"forminator-field-address-1-street_address_69f0e18e8320c\" id=\"forminator-field-address-1-street_address_69f0e18e8320c-label\" class=\"forminator-label\">Address<\/label><input type=\"text\" name=\"address-1-street_address\" placeholder=\"Address\" id=\"forminator-field-address-1-street_address_69f0e18e8320c\" class=\"forminator-input\" data-required=\"\" aria-required=\"false\" autocomplete=\"address-line1\" value=\"\" \/><\/div><\/div><\/div><div class=\"forminator-row\" data-multiple=\"false\"><div id=\"address-1-zip\" class=\"forminator-col forminator-col-12\"><div class=\"forminator-field\"><input type=\"text\" name=\"address-1-zip\" placeholder=\"Postcode\" id=\"forminator-field-address-1-zip_69f0e18e8320c\" class=\"forminator-input\" autocomplete=\"postal-code\" value=\"\" \/><\/div><\/div><\/div><\/div><\/div><div class=\"forminator-row\"><div id=\"textarea-1\" class=\"forminator-field-textarea forminator-col forminator-col-12\"><div class=\"forminator-field\"><textarea name=\"textarea-1\" placeholder=\"Your message...\" id=\"forminator-field-textarea-1_69f0e18e8320c\" class=\"forminator-textarea\" rows=\"6\" style=\"--forminator-textarea-min-height:px;\" maxlength=\"180\" ><\/textarea><span id=\"forminator-field-textarea-1_69f0e18e8320c-description\" class=\"forminator-description\"><span data-limit=\"180\" data-type=\"characters\" data-editor=\"\">0 \/ 180<\/span><\/span><\/div><\/div><\/div><input type=\"hidden\" name=\"referer_url\" value=\"\" \/><div class=\"forminator-row forminator-row-last\"><div class=\"forminator-col\"><div class=\"forminator-field\"><button class=\"forminator-button forminator-button-submit\">Send a message<\/button><\/div><\/div><\/div><input type=\"hidden\" id=\"forminator_nonce\" name=\"forminator_nonce\" value=\"719b567425\" \/><input type=\"hidden\" name=\"_wp_http_referer\" value=\"\/en\/wp-json\/wp\/v2\/pages\/761\" \/><input type=\"hidden\" name=\"form_id\" value=\"2334\"><input type=\"hidden\" name=\"page_id\" value=\"761\"><input type=\"hidden\" name=\"form_type\" value=\"default\"><input type=\"hidden\" name=\"current_url\" value=\"https:\/\/gudenaacamping.dk\/en\/informationer\/kontakt\/\"><input type=\"hidden\" name=\"render_id\" value=\"0\"><input type=\"hidden\" name=\"action\" value=\"forminator_submit_form_custom-forms\"><label for=\"input_6\" class=\"forminator-hidden\" aria-hidden=\"true\">Please do not fill in this field. <input id=\"input_6\" type=\"text\" name=\"input_6\" value=\"\" autocomplete=\"off\"><\/label><input\n                    class=\"apbct_special_field apbct_email_id__elementor_form\"\n                    name=\"apbct__email_id__elementor_form\"\n                    aria-label=\"apbct__label_id__elementor_form\"\n                    type=\"text\" size=\"30\" maxlength=\"200\" autocomplete=\"off\"\n                    value=\"\"\n                \/><input type=\"hidden\" name=\"trp-form-language\" value=\"en\"\/><\/form><\/div>\n\t\t\t\t\t\t<\/div>\n\t\t\t\t<\/div>\n\t\t\t\t<\/div>\n\t\t\t\t\t<\/div>\n\t\t\t\t<\/div>\n\t\t\t\t<\/div>","protected":false},"excerpt":{"rendered":"<p>Kontakt Kontakt os Du er meget velkommen til at ringe til os p\u00e5 7576 3070, sende en mail til info@gudenaacamping.dk eller benytte kontaktformularen nederst p\u00e5 siden. Er du klar til at booke ferien, s\u00e5 klik herunder Guden\u00e5 Camping Br\u00e6dstrup Bolundvej 4 8740 Br\u00e6dstrup +45 75 76 30 70 info@gudenaacamping.dk F\u00f8lg os p\u00e5 Facebook F\u00f8lg os [&hellip;]<\/p>\n","protected":false},"author":1,"featured_media":0,"parent":7020,"menu_order":0,"comment_status":"closed","ping_status":"closed","template":"","meta":{"_seopress_robots_primary_cat":"","_seopress_titles_title":"","_seopress_titles_desc":"","_seopress_robots_index":"","inline_featured_image":false,"footnotes":""},"class_list":["post-761","page","type-page","status-publish","hentry"],"_links":{"self":[{"href":"https:\/\/gudenaacamping.dk\/en\/wp-json\/wp\/v2\/pages\/761","targetHints":{"allow":["GET"]}}],"collection":[{"href":"https:\/\/gudenaacamping.dk\/en\/wp-json\/wp\/v2\/pages"}],"about":[{"href":"https:\/\/gudenaacamping.dk\/en\/wp-json\/wp\/v2\/types\/page"}],"author":[{"embeddable":true,"href":"https:\/\/gudenaacamping.dk\/en\/wp-json\/wp\/v2\/users\/1"}],"replies":[{"embeddable":true,"href":"https:\/\/gudenaacamping.dk\/en\/wp-json\/wp\/v2\/comments?post=761"}],"version-history":[{"count":163,"href":"https:\/\/gudenaacamping.dk\/en\/wp-json\/wp\/v2\/pages\/761\/revisions"}],"predecessor-version":[{"id":8388,"href":"https:\/\/gudenaacamping.dk\/en\/wp-json\/wp\/v2\/pages\/761\/revisions\/8388"}],"up":[{"embeddable":true,"href":"https:\/\/gudenaacamping.dk\/en\/wp-json\/wp\/v2\/pages\/7020"}],"wp:attachment":[{"href":"https:\/\/gudenaacamping.dk\/en\/wp-json\/wp\/v2\/media?parent=761"}],"curies":[{"name":"wp","href":"https:\/\/api.w.org\/{rel}","templated":true}]}}